{"id":81393,"date":"2025-08-14T01:54:47","date_gmt":"2025-08-13T23:54:47","guid":{"rendered":"https:\/\/pealock.com\/?post_type=product&#038;p=81393"},"modified":"2025-08-14T01:54:49","modified_gmt":"2025-08-13T23:54:49","slug":"obojky","status":"publish","type":"product","link":"https:\/\/pealock.com\/sk\/produkt\/obojky\/","title":{"rendered":"Obojky"},"content":{"rendered":"<p>\u0160t\u00fdlov\u00fd a odoln\u00fd obojok navrhnut\u00fd priamo na pou\u017eitie s GPS trackerom v\u00e1\u0161ho dom\u00e1ceho mazn\u00e1\u010dika. V\u010faka integrovan\u00e9mu upev\u0148ovaciemu syst\u00e9mu dr\u017e\u00ed tracker pevne na mieste, bez toho aby obmedzoval zviera v pohybe. Vyroben\u00fd z pevn\u00fdch, ale pohodln\u00fdch materi\u00e1lov, je \u0161etrn\u00fd k srsti a odoln\u00fd vo\u010di vode aj ne\u010distot\u00e1m. Nastavite\u013en\u00e1 d\u013a\u017eka zais\u0165uje perfektn\u00e9 padnutie pre psov v\u0161etk\u00fdch ve\u013ekost\u00ed, zatia\u013e \u010do pevn\u00e1 spona zaru\u010duje bezpe\u010dn\u00e9 zapnutie. Ide\u00e1lny doplnok pre spo\u013eahliv\u00e9 sledovanie v\u00e1\u0161ho \u0161tvornoh\u00e9ho priate\u013ea pri ka\u017edom dobrodru\u017estve.<\/p>\n","protected":false},"excerpt":{"rendered":"<p>\u0160t\u00fdlov\u00fd a odoln\u00fd obojok navrhnut\u00fd priamo na pou\u017eitie s GPS trackerom v\u00e1\u0161ho dom\u00e1ceho mazn\u00e1\u010dika. V\u010faka integrovan\u00e9mu upev\u0148ovaciemu syst\u00e9mu dr\u017e\u00ed tracker pevne na mieste, bez toho aby obmedzoval zviera v pohybe. Vyroben\u00fd z pevn\u00fdch, ale pohodln\u00fdch materi\u00e1lov, je \u0161etrn\u00fd k srsti a odoln\u00fd vo\u010di vode aj ne\u010distot\u00e1m. Nastavite\u013en\u00e1 d\u013a\u017eka zais\u0165uje perfektn\u00e9 padnutie pre psov v\u0161etk\u00fdch ve\u013ekost\u00ed, [&hellip;]<\/p>\n","protected":false},"featured_media":81949,"template":"","meta":{"_acf_changed":false},"product_brand":[],"product_cat":[47,130],"product_tag":[],"class_list":{"0":"post-81393","1":"product","2":"type-product","3":"status-publish","4":"has-post-thumbnail","6":"product_cat-prislusenstvo","7":"product_cat-tracker-dog-sk","9":"first","10":"instock","11":"taxable","12":"shipping-taxable","13":"purchasable","14":"product-type-variable"},"acf":[],"_links":{"self":[{"href":"https:\/\/pealock.com\/sk\/wp-json\/wp\/v2\/product\/81393","targetHints":{"allow":["GET"]}}],"collection":[{"href":"https:\/\/pealock.com\/sk\/wp-json\/wp\/v2\/product"}],"about":[{"href":"https:\/\/pealock.com\/sk\/wp-json\/wp\/v2\/types\/product"}],"version-history":[{"count":3,"href":"https:\/\/pealock.com\/sk\/wp-json\/wp\/v2\/product\/81393\/revisions"}],"predecessor-version":[{"id":81428,"href":"https:\/\/pealock.com\/sk\/wp-json\/wp\/v2\/product\/81393\/revisions\/81428"}],"wp:featuredmedia":[{"embeddable":true,"href":"https:\/\/pealock.com\/sk\/wp-json\/wp\/v2\/media\/81949"}],"wp:attachment":[{"href":"https:\/\/pealock.com\/sk\/wp-json\/wp\/v2\/media?parent=81393"}],"wp:term":[{"taxonomy":"product_brand","embeddable":true,"href":"https:\/\/pealock.com\/sk\/wp-json\/wp\/v2\/product_brand?post=81393"},{"taxonomy":"product_cat","embeddable":true,"href":"https:\/\/pealock.com\/sk\/wp-json\/wp\/v2\/product_cat?post=81393"},{"taxonomy":"product_tag","embeddable":true,"href":"https:\/\/pealock.com\/sk\/wp-json\/wp\/v2\/product_tag?post=81393"}],"curies":[{"name":"wp","href":"https:\/\/api.w.org\/{rel}","templated":true}]}}