{"id":3104,"date":"2024-03-05T15:29:27","date_gmt":"2024-03-05T14:29:27","guid":{"rendered":"https:\/\/pealock.com\/product\/hulk-light-with-alarm\/"},"modified":"2024-04-30T11:08:24","modified_gmt":"2024-04-30T09:08:24","slug":"hulk-svetlo-s-alarmom","status":"publish","type":"product","link":"https:\/\/pealock.com\/sk\/produkt\/hulk-svetlo-s-alarmom\/","title":{"rendered":"Hulk &#8211; svetlo s alarmom"},"content":{"rendered":"<p>Hulk v sebe skr\u00fdva 3 u\u017eito\u010dn\u00e9 funkcie &#8211; funguje ako zadn\u00e9 svetlo na bicykel, vr\u00e1tane funkcie automatick\u00e9ho brzdov\u00e9ho svetla a ako hlasn\u00fd bezpe\u010dnostn\u00fd alarm.<br \/>\nLED svietidlo m\u00e1 4 re\u017eimy svietenia.<\/p>\n","protected":false},"excerpt":{"rendered":"<p>\u2713 zadn\u00e9 svetlo LED<\/p>\n<p>\u2713 funkcia brzdov\u00e9ho svetla<\/p>\n<p>\u2713 sn\u00edma\u010d pohybu<\/p>\n<p>\u2713 120 dB hlasn\u00fd alarm<\/p>\n","protected":false},"featured_media":2286,"template":"","meta":{"_acf_changed":false},"product_brand":[],"product_cat":[121,52,56],"product_tag":[],"class_list":{"0":"post-3104","1":"product","2":"type-product","3":"status-publish","4":"has-post-thumbnail","6":"product_cat-b2b","7":"product_cat-b2b-partner-sk","8":"product_cat-pealock-sk","10":"first","11":"outofstock","12":"sale","13":"taxable","14":"shipping-taxable","15":"purchasable","16":"product-type-simple"},"acf":[],"_links":{"self":[{"href":"https:\/\/pealock.com\/sk\/wp-json\/wp\/v2\/product\/3104","targetHints":{"allow":["GET"]}}],"collection":[{"href":"https:\/\/pealock.com\/sk\/wp-json\/wp\/v2\/product"}],"about":[{"href":"https:\/\/pealock.com\/sk\/wp-json\/wp\/v2\/types\/product"}],"version-history":[{"count":4,"href":"https:\/\/pealock.com\/sk\/wp-json\/wp\/v2\/product\/3104\/revisions"}],"predecessor-version":[{"id":78998,"href":"https:\/\/pealock.com\/sk\/wp-json\/wp\/v2\/product\/3104\/revisions\/78998"}],"wp:featuredmedia":[{"embeddable":true,"href":"https:\/\/pealock.com\/sk\/wp-json\/wp\/v2\/media\/2286"}],"wp:attachment":[{"href":"https:\/\/pealock.com\/sk\/wp-json\/wp\/v2\/media?parent=3104"}],"wp:term":[{"taxonomy":"product_brand","embeddable":true,"href":"https:\/\/pealock.com\/sk\/wp-json\/wp\/v2\/product_brand?post=3104"},{"taxonomy":"product_cat","embeddable":true,"href":"https:\/\/pealock.com\/sk\/wp-json\/wp\/v2\/product_cat?post=3104"},{"taxonomy":"product_tag","embeddable":true,"href":"https:\/\/pealock.com\/sk\/wp-json\/wp\/v2\/product_tag?post=3104"}],"curies":[{"name":"wp","href":"https:\/\/api.w.org\/{rel}","templated":true}]}}