{"id":3054,"date":"2024-03-05T16:01:15","date_gmt":"2024-03-05T15:01:15","guid":{"rendered":"https:\/\/pealock.com\/product\/pealock-beast-chain-lock\/"},"modified":"2024-05-13T15:11:34","modified_gmt":"2024-05-13T13:11:34","slug":"beast-retazovy-zamok","status":"publish","type":"product","link":"https:\/\/pealock.com\/sk\/produkt\/beast-retazovy-zamok\/","title":{"rendered":"Beast &#8211; re\u0165azov\u00fd z\u00e1mok"},"content":{"rendered":"<p>Ak re\u0165azov\u00fd z\u00e1mok, tak jedine Beast. Beast je kvalitn\u00fd z\u00e1mok s hlasn\u00fdm bezpe\u010dnostn\u00fdm alarmom, ktor\u00fd spo\u013eahlivo ochr\u00e1ni v\u00e1\u0161 majetok za ka\u017ed\u00fdch okolnost\u00ed a bez kompromisov! V\u010faka robustnej kon\u0161trukcii z nehrdzavej\u00facej ocele a hlasn\u00e9mu alarmu s hlasitos\u0165ou 120 dB sa u\u017e nemus\u00edte ob\u00e1va\u0165 necha\u0165 svoj bicykel, sk\u00fater alebo motocykel bez dozoru. Nad\u0161tandardn\u00e1 d\u013a\u017eka re\u0165aze umo\u017e\u0148uje uzamkn\u00fa\u0165 aj viac zariaden\u00ed naraz.<\/p>\n","protected":false},"excerpt":{"rendered":"<p style=\"text-align: center;\">\u2713 \u0161peci\u00e1lne tvrden\u00e1 nerezov\u00e1 oce\u013e + nylonov\u00fd kryt<\/p>\n<p style=\"text-align: center;\">\u2713 sn\u00edma\u010d pohybu<\/p>\n<p style=\"text-align: center;\">\u2713 120 dB hlasn\u00fd alarm<\/p>\n","protected":false},"featured_media":2301,"template":"","meta":{"_acf_changed":false},"product_brand":[],"product_cat":[121,56],"product_tag":[],"class_list":{"0":"post-3054","1":"product","2":"type-product","3":"status-publish","4":"has-post-thumbnail","6":"product_cat-b2b","7":"product_cat-pealock-sk","9":"first","10":"instock","11":"sale","12":"taxable","13":"shipping-taxable","14":"purchasable","15":"product-type-simple"},"acf":[],"_links":{"self":[{"href":"https:\/\/pealock.com\/sk\/wp-json\/wp\/v2\/product\/3054","targetHints":{"allow":["GET"]}}],"collection":[{"href":"https:\/\/pealock.com\/sk\/wp-json\/wp\/v2\/product"}],"about":[{"href":"https:\/\/pealock.com\/sk\/wp-json\/wp\/v2\/types\/product"}],"version-history":[{"count":10,"href":"https:\/\/pealock.com\/sk\/wp-json\/wp\/v2\/product\/3054\/revisions"}],"predecessor-version":[{"id":79162,"href":"https:\/\/pealock.com\/sk\/wp-json\/wp\/v2\/product\/3054\/revisions\/79162"}],"wp:featuredmedia":[{"embeddable":true,"href":"https:\/\/pealock.com\/sk\/wp-json\/wp\/v2\/media\/2301"}],"wp:attachment":[{"href":"https:\/\/pealock.com\/sk\/wp-json\/wp\/v2\/media?parent=3054"}],"wp:term":[{"taxonomy":"product_brand","embeddable":true,"href":"https:\/\/pealock.com\/sk\/wp-json\/wp\/v2\/product_brand?post=3054"},{"taxonomy":"product_cat","embeddable":true,"href":"https:\/\/pealock.com\/sk\/wp-json\/wp\/v2\/product_cat?post=3054"},{"taxonomy":"product_tag","embeddable":true,"href":"https:\/\/pealock.com\/sk\/wp-json\/wp\/v2\/product_tag?post=3054"}],"curies":[{"name":"wp","href":"https:\/\/api.w.org\/{rel}","templated":true}]}}