{"id":3015,"date":"2024-03-05T15:55:33","date_gmt":"2024-03-05T14:55:33","guid":{"rendered":"https:\/\/pealock.com\/product\/pealock-optimus-folding-lock\/"},"modified":"2024-05-13T15:19:19","modified_gmt":"2024-05-13T13:19:19","slug":"optimus-skladaci-zamok","status":"publish","type":"product","link":"https:\/\/pealock.com\/sk\/produkt\/optimus-skladaci-zamok\/","title":{"rendered":"Optimus &#8211; skladac\u00ed z\u00e1mok"},"content":{"rendered":"<p>Chr\u00e1\u0148te svoje \u0161portov\u00e9 vybavenie pred kr\u00e1de\u017eou pomocou n\u00e1\u0161ho spo\u013eahliv\u00e9ho z\u00e1mku Optimus. Tento kompaktn\u00fd skladac\u00ed z\u00e1mok bol navrhnut\u00fd s oh\u013eadom na bezpe\u010dnos\u0165, maxim\u00e1lnu odolnos\u0165 a jednoduch\u00fa manipul\u00e1ciu. Z\u00e1mok je tie\u017e vybaven\u00fd hlasn\u00fdm bezpe\u010dnostn\u00fdm alarmom s hlasitos\u0165ou 120 dB, ktor\u00fd sa automaticky aktivuje pri ne\u017eelanom pohybe. \u010ci u\u017e teda h\u013ead\u00e1te z\u00e1mok pre svoj bicykel, sk\u00fater alebo motorku, Optimus je ten spr\u00e1vny.<\/p>\n","protected":false},"excerpt":{"rendered":"<p style=\"text-align: center;\">\u2713 telo z\u00e1mku z mang\u00e1novej ocele<\/p>\n<p style=\"text-align: center;\">\u2713 120 dB hlasn\u00fd alarm<\/p>\n<p style=\"text-align: center;\">\u2713 sn\u00edma\u010d pohybu<\/p>\n","protected":false},"featured_media":2296,"template":"","meta":{"_acf_changed":false},"product_brand":[],"product_cat":[121,56],"product_tag":[],"class_list":{"0":"post-3015","1":"product","2":"type-product","3":"status-publish","4":"has-post-thumbnail","6":"product_cat-b2b","7":"product_cat-pealock-sk","9":"first","10":"instock","11":"sale","12":"taxable","13":"shipping-taxable","14":"purchasable","15":"product-type-simple"},"acf":[],"_links":{"self":[{"href":"https:\/\/pealock.com\/sk\/wp-json\/wp\/v2\/product\/3015","targetHints":{"allow":["GET"]}}],"collection":[{"href":"https:\/\/pealock.com\/sk\/wp-json\/wp\/v2\/product"}],"about":[{"href":"https:\/\/pealock.com\/sk\/wp-json\/wp\/v2\/types\/product"}],"version-history":[{"count":8,"href":"https:\/\/pealock.com\/sk\/wp-json\/wp\/v2\/product\/3015\/revisions"}],"predecessor-version":[{"id":79167,"href":"https:\/\/pealock.com\/sk\/wp-json\/wp\/v2\/product\/3015\/revisions\/79167"}],"wp:featuredmedia":[{"embeddable":true,"href":"https:\/\/pealock.com\/sk\/wp-json\/wp\/v2\/media\/2296"}],"wp:attachment":[{"href":"https:\/\/pealock.com\/sk\/wp-json\/wp\/v2\/media?parent=3015"}],"wp:term":[{"taxonomy":"product_brand","embeddable":true,"href":"https:\/\/pealock.com\/sk\/wp-json\/wp\/v2\/product_brand?post=3015"},{"taxonomy":"product_cat","embeddable":true,"href":"https:\/\/pealock.com\/sk\/wp-json\/wp\/v2\/product_cat?post=3015"},{"taxonomy":"product_tag","embeddable":true,"href":"https:\/\/pealock.com\/sk\/wp-json\/wp\/v2\/product_tag?post=3015"}],"curies":[{"name":"wp","href":"https:\/\/api.w.org\/{rel}","templated":true}]}}