{"id":2988,"date":"2024-03-05T15:50:18","date_gmt":"2024-03-05T14:50:18","guid":{"rendered":"https:\/\/pealock.com\/product\/pealock-hellcat-u-shaped-lock\/"},"modified":"2024-05-13T15:30:14","modified_gmt":"2024-05-13T13:30:14","slug":"hellcat-zamok-v-tvare-u","status":"publish","type":"product","link":"https:\/\/pealock.com\/sk\/produkt\/hellcat-zamok-v-tvare-u\/","title":{"rendered":"Hellcat &#8211; z\u00e1mok v tvare U"},"content":{"rendered":"<p>H\u013ead\u00e1te jednoduch\u00fd, ale \u00fa\u010dinn\u00fd sp\u00f4sob ochrany svojho zariadenia pred kr\u00e1de\u017eou? Potom je pre v\u00e1s najlep\u0161\u00edm rie\u0161en\u00edm Hellcat. Charakteristick\u00fd tvar z\u00e1mku umo\u017e\u0148uje uzamkn\u00fa\u0165 bicykel alebo kolobe\u017eku k stabiln\u00e9mu objektu, ako je stojan, st\u013ap alebo z\u00e1bradlie. Z\u00e1mok je vodotesn\u00fd a m\u00e1 bezpe\u010dnostn\u00fd alarm s hlu\u010dnos\u0165ou 120 dB. Tento typ z\u00e1mku je ob\u013e\u00faben\u00fd pre svoj minimalistick\u00fd dizajn, spo\u013eahlivos\u0165 a jednoduch\u00e9 pou\u017e\u00edvanie.<\/p>\n","protected":false},"excerpt":{"rendered":"<p style=\"text-align: center;\">\u2713 14 mm kalen\u00e1 oce\u013e, vystu\u017een\u00e1 karbidom<\/p>\n<p style=\"text-align: center;\">\u2713 sn\u00edma\u010d pohybu<\/p>\n<p style=\"text-align: center;\">\u2713 hlasit\u00fd alarm 120 dB<\/p>\n","protected":false},"featured_media":2291,"template":"","meta":{"_acf_changed":false},"product_brand":[],"product_cat":[121,56],"product_tag":[],"class_list":{"0":"post-2988","1":"product","2":"type-product","3":"status-publish","4":"has-post-thumbnail","6":"product_cat-b2b","7":"product_cat-pealock-sk","9":"first","10":"outofstock","11":"sale","12":"taxable","13":"shipping-taxable","14":"purchasable","15":"product-type-simple"},"acf":[],"_links":{"self":[{"href":"https:\/\/pealock.com\/sk\/wp-json\/wp\/v2\/product\/2988","targetHints":{"allow":["GET"]}}],"collection":[{"href":"https:\/\/pealock.com\/sk\/wp-json\/wp\/v2\/product"}],"about":[{"href":"https:\/\/pealock.com\/sk\/wp-json\/wp\/v2\/types\/product"}],"version-history":[{"count":13,"href":"https:\/\/pealock.com\/sk\/wp-json\/wp\/v2\/product\/2988\/revisions"}],"predecessor-version":[{"id":79173,"href":"https:\/\/pealock.com\/sk\/wp-json\/wp\/v2\/product\/2988\/revisions\/79173"}],"wp:featuredmedia":[{"embeddable":true,"href":"https:\/\/pealock.com\/sk\/wp-json\/wp\/v2\/media\/2291"}],"wp:attachment":[{"href":"https:\/\/pealock.com\/sk\/wp-json\/wp\/v2\/media?parent=2988"}],"wp:term":[{"taxonomy":"product_brand","embeddable":true,"href":"https:\/\/pealock.com\/sk\/wp-json\/wp\/v2\/product_brand?post=2988"},{"taxonomy":"product_cat","embeddable":true,"href":"https:\/\/pealock.com\/sk\/wp-json\/wp\/v2\/product_cat?post=2988"},{"taxonomy":"product_tag","embeddable":true,"href":"https:\/\/pealock.com\/sk\/wp-json\/wp\/v2\/product_tag?post=2988"}],"curies":[{"name":"wp","href":"https:\/\/api.w.org\/{rel}","templated":true}]}}