{"id":2842,"date":"2024-03-06T07:22:03","date_gmt":"2024-03-06T06:22:03","guid":{"rendered":"https:\/\/pealock.com\/product\/pealock-2-electronic-lock\/"},"modified":"2024-04-30T11:48:16","modified_gmt":"2024-04-30T09:48:16","slug":"pealock-2-elektronicky-zamok","status":"publish","type":"product","link":"https:\/\/pealock.com\/sk\/produkt\/pealock-2-elektronicky-zamok\/","title":{"rendered":"Pealock 2 &#8211; elektronick\u00fd z\u00e1mok"},"content":{"rendered":"<p>Pealock je inteligentn\u00fd elektronick\u00fd z\u00e1mok pre va\u0161e \u0161portov\u00e9 vybavenie. Je multifunk\u010dn\u00fd a \u013eahko prenosn\u00fd. M\u00f4\u017eete ho jednoducho zbali\u0165 do vrecka cyklistick\u00e9ho dresu alebo ly\u017eiarskej bundy a budete ho ma\u0165 kedyko\u013evek k dispoz\u00edcii.<\/p>\n","protected":false},"excerpt":{"rendered":"<p style=\"text-align: center;\">\u2713 poistenie zariadenia na nieko\u013eko kliknut\u00ed<\/p>\n<p style=\"text-align: center;\">\u2713\u00a0ozn\u00e1menia na cel\u00fa obrazovku<\/p>\n<p style=\"text-align: center;\">\u2713 GPS lokaliz\u00e1cia<\/p>\n","protected":false},"featured_media":2676,"template":"","meta":{"_acf_changed":false},"product_brand":[],"product_cat":[121,52,56],"product_tag":[],"class_list":{"0":"post-2842","1":"product","2":"type-product","3":"status-publish","4":"has-post-thumbnail","6":"product_cat-b2b","7":"product_cat-b2b-partner-sk","8":"product_cat-pealock-sk","10":"first","11":"outofstock","12":"sale","13":"taxable","14":"shipping-taxable","15":"purchasable","16":"product-type-variable","17":"has-default-attributes"},"acf":[],"_links":{"self":[{"href":"https:\/\/pealock.com\/sk\/wp-json\/wp\/v2\/product\/2842","targetHints":{"allow":["GET"]}}],"collection":[{"href":"https:\/\/pealock.com\/sk\/wp-json\/wp\/v2\/product"}],"about":[{"href":"https:\/\/pealock.com\/sk\/wp-json\/wp\/v2\/types\/product"}],"version-history":[{"count":18,"href":"https:\/\/pealock.com\/sk\/wp-json\/wp\/v2\/product\/2842\/revisions"}],"predecessor-version":[{"id":79019,"href":"https:\/\/pealock.com\/sk\/wp-json\/wp\/v2\/product\/2842\/revisions\/79019"}],"wp:featuredmedia":[{"embeddable":true,"href":"https:\/\/pealock.com\/sk\/wp-json\/wp\/v2\/media\/2676"}],"wp:attachment":[{"href":"https:\/\/pealock.com\/sk\/wp-json\/wp\/v2\/media?parent=2842"}],"wp:term":[{"taxonomy":"product_brand","embeddable":true,"href":"https:\/\/pealock.com\/sk\/wp-json\/wp\/v2\/product_brand?post=2842"},{"taxonomy":"product_cat","embeddable":true,"href":"https:\/\/pealock.com\/sk\/wp-json\/wp\/v2\/product_cat?post=2842"},{"taxonomy":"product_tag","embeddable":true,"href":"https:\/\/pealock.com\/sk\/wp-json\/wp\/v2\/product_tag?post=2842"}],"curies":[{"name":"wp","href":"https:\/\/api.w.org\/{rel}","templated":true}]}}