{"id":1641,"date":"2024-03-04T21:12:13","date_gmt":"2024-03-04T20:12:13","guid":{"rendered":"https:\/\/pealock.com\/product\/karta-nfc\/"},"modified":"2024-03-06T18:28:01","modified_gmt":"2024-03-06T17:28:01","slug":"karta-nfc","status":"publish","type":"product","link":"https:\/\/pealock.com\/sk\/produkt\/karta-nfc\/","title":{"rendered":"Karta NFC"},"content":{"rendered":"<p style=\"text-align: center;\">NFC karta sl\u00fa\u017ei pre odomykanie \/ zamykanie Pealocku.<\/p>\n<p>Kartu si m\u00f4\u017eete da\u0165 napr. Do ruk\u00e1va svojej ly\u017eiarske bundy, pe\u0148a\u017eenky, vrecka at\u010f.<\/p>\n<p>M\u00e1 rovnak\u00fa ve\u013ekos\u0165 ako kreditn\u00e1 karta.<\/p>\n<p>Farba: \u010cierna, ru\u017eov\u00e1, zelen\u00e1<\/p>\n","protected":false},"excerpt":{"rendered":"<p style=\"text-align: center;\">NFC karta sl\u00fa\u017ei pre odomykanie \/ zamykanie Pealocku.<\/p>\n<p>Kartu si m\u00f4\u017eete da\u0165 napr. Do ruk\u00e1va svojej ly\u017eiarske bundy, pe\u0148a\u017eenky, vrecka at\u010f.<\/p>\n<p>M\u00e1 rovnak\u00fa ve\u013ekos\u0165 ako kreditn\u00e1 karta.<\/p>\n<p>Farba: \u010cierna, ru\u017eov\u00e1, zelen\u00e1<\/p>\n","protected":false},"featured_media":1614,"template":"","meta":{"_acf_changed":false},"product_brand":[],"product_cat":[121,47],"product_tag":[],"class_list":{"0":"post-1641","1":"product","2":"type-product","3":"status-publish","4":"has-post-thumbnail","6":"product_cat-b2b","7":"product_cat-prislusenstvo","9":"first","10":"instock","11":"taxable","12":"shipping-taxable","13":"purchasable","14":"product-type-variable","15":"has-default-attributes"},"acf":[],"_links":{"self":[{"href":"https:\/\/pealock.com\/sk\/wp-json\/wp\/v2\/product\/1641","targetHints":{"allow":["GET"]}}],"collection":[{"href":"https:\/\/pealock.com\/sk\/wp-json\/wp\/v2\/product"}],"about":[{"href":"https:\/\/pealock.com\/sk\/wp-json\/wp\/v2\/types\/product"}],"version-history":[{"count":2,"href":"https:\/\/pealock.com\/sk\/wp-json\/wp\/v2\/product\/1641\/revisions"}],"predecessor-version":[{"id":2000,"href":"https:\/\/pealock.com\/sk\/wp-json\/wp\/v2\/product\/1641\/revisions\/2000"}],"wp:featuredmedia":[{"embeddable":true,"href":"https:\/\/pealock.com\/sk\/wp-json\/wp\/v2\/media\/1614"}],"wp:attachment":[{"href":"https:\/\/pealock.com\/sk\/wp-json\/wp\/v2\/media?parent=1641"}],"wp:term":[{"taxonomy":"product_brand","embeddable":true,"href":"https:\/\/pealock.com\/sk\/wp-json\/wp\/v2\/product_brand?post=1641"},{"taxonomy":"product_cat","embeddable":true,"href":"https:\/\/pealock.com\/sk\/wp-json\/wp\/v2\/product_cat?post=1641"},{"taxonomy":"product_tag","embeddable":true,"href":"https:\/\/pealock.com\/sk\/wp-json\/wp\/v2\/product_tag?post=1641"}],"curies":[{"name":"wp","href":"https:\/\/api.w.org\/{rel}","templated":true}]}}