{"id":1565,"date":"2024-03-04T19:07:00","date_gmt":"2024-03-04T18:07:00","guid":{"rendered":"https:\/\/pealock.com\/product\/sietovy-adapter\/"},"modified":"2024-03-06T18:22:21","modified_gmt":"2024-03-06T17:22:21","slug":"sietovy-adapter","status":"publish","type":"product","link":"https:\/\/pealock.com\/sk\/produkt\/sietovy-adapter\/","title":{"rendered":"Sie\u0165ov\u00fd adapt\u00e9r"},"content":{"rendered":"<p><span data-sheets-value=\"{\" data-sheets-userformat=\"{\">Nab\u00edja\u010dka do siete Pealock univerz\u00e1lny Vstup: 100 V-240 V, 50-60 Hz 0.35 A. V\u00fdstup: USB-C 5 V \/ 2.4 A, 9 V \/ 1,8A, 12 V \/ 1.2 A. Ochrana proti skratu, prep\u00e4tiu, pre\u0165a\u017eeniu a prehriatiu. Bez k\u00e1bla v balen\u00ed. Farba &#8211; \u010dierna.<\/span><\/p>\n","protected":false},"excerpt":{"rendered":"<p><span data-sheets-value=\"{\" data-sheets-userformat=\"{\">Nab\u00edja\u010dka do siete Pealock univerz\u00e1lny Vstup: 100 V-240 V, 50-60 Hz 0.35 A. V\u00fdstup: USB-C 5 V \/ 2.4 A, 9 V \/ 1,8A, 12 V \/ 1.2 A. Ochrana proti skratu, prep\u00e4tiu, pre\u0165a\u017eeniu a prehriatiu. Bez k\u00e1bla v balen\u00ed. Farba &#8211; \u010dierna.<\/span><\/p>\n","protected":false},"featured_media":1557,"template":"","meta":{"_acf_changed":false},"product_brand":[],"product_cat":[121,47],"product_tag":[],"class_list":{"0":"post-1565","1":"product","2":"type-product","3":"status-publish","4":"has-post-thumbnail","6":"product_cat-b2b","7":"product_cat-prislusenstvo","9":"first","10":"instock","11":"taxable","12":"shipping-taxable","13":"purchasable","14":"product-type-simple"},"acf":[],"_links":{"self":[{"href":"https:\/\/pealock.com\/sk\/wp-json\/wp\/v2\/product\/1565","targetHints":{"allow":["GET"]}}],"collection":[{"href":"https:\/\/pealock.com\/sk\/wp-json\/wp\/v2\/product"}],"about":[{"href":"https:\/\/pealock.com\/sk\/wp-json\/wp\/v2\/types\/product"}],"version-history":[{"count":4,"href":"https:\/\/pealock.com\/sk\/wp-json\/wp\/v2\/product\/1565\/revisions"}],"predecessor-version":[{"id":1995,"href":"https:\/\/pealock.com\/sk\/wp-json\/wp\/v2\/product\/1565\/revisions\/1995"}],"wp:featuredmedia":[{"embeddable":true,"href":"https:\/\/pealock.com\/sk\/wp-json\/wp\/v2\/media\/1557"}],"wp:attachment":[{"href":"https:\/\/pealock.com\/sk\/wp-json\/wp\/v2\/media?parent=1565"}],"wp:term":[{"taxonomy":"product_brand","embeddable":true,"href":"https:\/\/pealock.com\/sk\/wp-json\/wp\/v2\/product_brand?post=1565"},{"taxonomy":"product_cat","embeddable":true,"href":"https:\/\/pealock.com\/sk\/wp-json\/wp\/v2\/product_cat?post=1565"},{"taxonomy":"product_tag","embeddable":true,"href":"https:\/\/pealock.com\/sk\/wp-json\/wp\/v2\/product_tag?post=1565"}],"curies":[{"name":"wp","href":"https:\/\/api.w.org\/{rel}","templated":true}]}}