{"id":1401,"date":"2024-02-25T09:08:39","date_gmt":"2024-02-25T08:08:39","guid":{"rendered":"https:\/\/pealock.com\/product\/pealock-saddle-bag\/"},"modified":"2024-03-06T18:16:05","modified_gmt":"2024-03-06T17:16:05","slug":"podsedlova-kapsicka","status":"publish","type":"product","link":"https:\/\/pealock.com\/sk\/produkt\/podsedlova-kapsicka\/","title":{"rendered":"Podsedlov\u00e1 kapsi\u010dka"},"content":{"rendered":"<p style=\"text-align: center;\">Podsedlov\u00e1 ta\u0161ka je ide\u00e1lnym pomocn\u00edkom, do ktor\u00e9ho m\u00f4\u017eete po\u010das cesty uschova\u0165 z\u00e1mok Pealock. Navy\u0161e v nej zostane miesto aj pre \u010fal\u0161ie vybavenie. Vn\u00fatorn\u00e1 sie\u0165ov\u00e1 kapsi\u010dka je vhodn\u00e1 na odlo\u017eenie hotovosti alebo drobn\u00fdch predmetov.<\/p>\n<p style=\"text-align: center;\">Uchytenie pod sedlom je zabezpe\u010den\u00e9 tromi p\u00e1skami na such\u00fd zips.<\/p>\n<p style=\"text-align: center;\">Reflexn\u00e9 prvky na bokoch zvy\u0161uj\u00fa vidite\u013enos\u0165 za zn\u00ed\u017een\u00fdch sveteln\u00fdch podmienok. Bra\u0161ni\u010dka je vyroben\u00e1 z odoln\u00e9ho materi\u00e1lu, ktor\u00fd zaist\u00ed dlh\u00fa \u017eivotnos\u0165. V\u010faka \u0161peci\u00e1lnej povrchovej \u00faprave a nepremokav\u00fdm zipsom v\u00e1s neprekvap\u00ed ani da\u017ediv\u00e9 po\u010dasie.<\/p>\n<p style=\"text-align: center;\">Objem: 0,5 l<br \/>\nHmotnos\u0165: 113 g<br \/>\nRozmery: 21,5 x 8,5 x 8 cm<\/p>\n","protected":false},"excerpt":{"rendered":"<p style=\"text-align: center;\">Podsedlov\u00e1 ta\u0161ka je ide\u00e1lnym pomocn\u00edkom, do ktor\u00e9ho m\u00f4\u017eete po\u010das cesty uschova\u0165 z\u00e1mok Pealock. Navy\u0161e v nej zostane miesto aj pre \u010fal\u0161ie vybavenie. Vn\u00fatorn\u00e1 sie\u0165ov\u00e1 kapsi\u010dka je vhodn\u00e1 na odlo\u017eenie hotovosti alebo drobn\u00fdch predmetov.<\/p>\n<p style=\"text-align: center;\">Uchytenie pod sedlom je zabezpe\u010den\u00e9 tromi p\u00e1skami na such\u00fd zips.<\/p>\n<p style=\"text-align: center;\">Reflexn\u00e9 prvky na bokoch zvy\u0161uj\u00fa vidite\u013enos\u0165 za zn\u00ed\u017een\u00fdch sveteln\u00fdch podmienok. Bra\u0161ni\u010dka je vyroben\u00e1 z odoln\u00e9ho materi\u00e1lu, ktor\u00fd zaist\u00ed dlh\u00fa \u017eivotnos\u0165. V\u010faka \u0161peci\u00e1lnej povrchovej \u00faprave a nepremokav\u00fdm zipsom v\u00e1s neprekvap\u00ed ani da\u017ediv\u00e9 po\u010dasie.<\/p>\n<p style=\"text-align: center;\">Objem: 0,5 l<br \/>\nHmotnos\u0165: 113 g<br \/>\nRozmery: 21,5 x 8,5 x 8 cm<\/p>\n","protected":false},"featured_media":1367,"template":"","meta":{"_acf_changed":false},"product_brand":[],"product_cat":[121,47],"product_tag":[],"class_list":{"0":"post-1401","1":"product","2":"type-product","3":"status-publish","4":"has-post-thumbnail","6":"product_cat-b2b","7":"product_cat-prislusenstvo","9":"first","10":"instock","11":"taxable","12":"shipping-taxable","13":"purchasable","14":"product-type-simple"},"acf":[],"_links":{"self":[{"href":"https:\/\/pealock.com\/sk\/wp-json\/wp\/v2\/product\/1401","targetHints":{"allow":["GET"]}}],"collection":[{"href":"https:\/\/pealock.com\/sk\/wp-json\/wp\/v2\/product"}],"about":[{"href":"https:\/\/pealock.com\/sk\/wp-json\/wp\/v2\/types\/product"}],"version-history":[{"count":2,"href":"https:\/\/pealock.com\/sk\/wp-json\/wp\/v2\/product\/1401\/revisions"}],"predecessor-version":[{"id":1990,"href":"https:\/\/pealock.com\/sk\/wp-json\/wp\/v2\/product\/1401\/revisions\/1990"}],"wp:featuredmedia":[{"embeddable":true,"href":"https:\/\/pealock.com\/sk\/wp-json\/wp\/v2\/media\/1367"}],"wp:attachment":[{"href":"https:\/\/pealock.com\/sk\/wp-json\/wp\/v2\/media?parent=1401"}],"wp:term":[{"taxonomy":"product_brand","embeddable":true,"href":"https:\/\/pealock.com\/sk\/wp-json\/wp\/v2\/product_brand?post=1401"},{"taxonomy":"product_cat","embeddable":true,"href":"https:\/\/pealock.com\/sk\/wp-json\/wp\/v2\/product_cat?post=1401"},{"taxonomy":"product_tag","embeddable":true,"href":"https:\/\/pealock.com\/sk\/wp-json\/wp\/v2\/product_tag?post=1401"}],"curies":[{"name":"wp","href":"https:\/\/api.w.org\/{rel}","templated":true}]}}