{"id":1362,"date":"2024-02-24T20:56:57","date_gmt":"2024-02-24T19:56:57","guid":{"rendered":"https:\/\/pealock.com\/product\/usb-c-reducer\/"},"modified":"2024-03-06T17:52:07","modified_gmt":"2024-03-06T16:52:07","slug":"usb-c-redukcia","status":"publish","type":"product","link":"https:\/\/pealock.com\/sk\/produkt\/usb-c-redukcia\/","title":{"rendered":"USB-C redukcia"},"content":{"rendered":"<p>M\u00e1te notebook, \u010di sie\u0165ov\u00fd adapt\u00e9r s USB-C vstupom? V tom pr\u00edpade pr\u00edde vhod t\u00e1to redukcia USB-A \/ USB-C.<\/p>\n","protected":false},"excerpt":{"rendered":"<p>M\u00e1te notebook, \u010di sie\u0165ov\u00fd adapt\u00e9r s USB-C vstupom? V tom pr\u00edpade pr\u00edde vhod t\u00e1to redukcia USB-A \/ USB-C.<\/p>\n","protected":false},"featured_media":1351,"template":"","meta":{"_acf_changed":false},"product_brand":[],"product_cat":[121,47],"product_tag":[],"class_list":{"0":"post-1362","1":"product","2":"type-product","3":"status-publish","4":"has-post-thumbnail","6":"product_cat-b2b","7":"product_cat-prislusenstvo","9":"first","10":"instock","11":"taxable","12":"shipping-taxable","13":"purchasable","14":"product-type-simple"},"acf":[],"_links":{"self":[{"href":"https:\/\/pealock.com\/sk\/wp-json\/wp\/v2\/product\/1362","targetHints":{"allow":["GET"]}}],"collection":[{"href":"https:\/\/pealock.com\/sk\/wp-json\/wp\/v2\/product"}],"about":[{"href":"https:\/\/pealock.com\/sk\/wp-json\/wp\/v2\/types\/product"}],"version-history":[{"count":2,"href":"https:\/\/pealock.com\/sk\/wp-json\/wp\/v2\/product\/1362\/revisions"}],"predecessor-version":[{"id":1969,"href":"https:\/\/pealock.com\/sk\/wp-json\/wp\/v2\/product\/1362\/revisions\/1969"}],"wp:featuredmedia":[{"embeddable":true,"href":"https:\/\/pealock.com\/sk\/wp-json\/wp\/v2\/media\/1351"}],"wp:attachment":[{"href":"https:\/\/pealock.com\/sk\/wp-json\/wp\/v2\/media?parent=1362"}],"wp:term":[{"taxonomy":"product_brand","embeddable":true,"href":"https:\/\/pealock.com\/sk\/wp-json\/wp\/v2\/product_brand?post=1362"},{"taxonomy":"product_cat","embeddable":true,"href":"https:\/\/pealock.com\/sk\/wp-json\/wp\/v2\/product_cat?post=1362"},{"taxonomy":"product_tag","embeddable":true,"href":"https:\/\/pealock.com\/sk\/wp-json\/wp\/v2\/product_tag?post=1362"}],"curies":[{"name":"wp","href":"https:\/\/api.w.org\/{rel}","templated":true}]}}