{"id":1343,"date":"2024-02-24T20:36:44","date_gmt":"2024-02-24T19:36:44","guid":{"rendered":"https:\/\/pealock.com\/product\/nfc-wristband\/"},"modified":"2024-03-06T18:02:57","modified_gmt":"2024-03-06T17:02:57","slug":"nfc-naramok","status":"publish","type":"product","link":"https:\/\/pealock.com\/sk\/produkt\/nfc-naramok\/","title":{"rendered":"NFC n\u00e1ramok"},"content":{"rendered":"<p>NFC n\u00e1ramok sl\u00fa\u017ei pre odomykanie \/ zamykanie Pealocku. Preferujete miesto NFC karty sk\u00f4r \u013eahk\u00fd, na\u0165ahovac\u00ed n\u00e1ramok? K Pealocku m\u00f4\u017eete prida\u0165 a\u017e 5 NFC k\u013e\u00fa\u010deniek \/ kariet \/ n\u00e1ramkov.<\/p>\n<p>Farba: \u010dierna<br \/>\nMateri\u00e1l: Textil<\/p>\n","protected":false},"excerpt":{"rendered":"<p>NFC n\u00e1ramok sl\u00fa\u017ei pre odomykanie \/ zamykanie Pealocku. Preferujete miesto NFC karty sk\u00f4r \u013eahk\u00fd, na\u0165ahovac\u00ed n\u00e1ramok? K Pealocku m\u00f4\u017eete prida\u0165 a\u017e 5 NFC k\u013e\u00fa\u010deniek \/ kariet \/ n\u00e1ramkov.<\/p>\n<p>Farba: \u010dierna<br \/>\nMateri\u00e1l: Textil<\/p>\n","protected":false},"featured_media":1334,"template":"","meta":{"_acf_changed":false},"product_brand":[],"product_cat":[121,47],"product_tag":[],"class_list":{"0":"post-1343","1":"product","2":"type-product","3":"status-publish","4":"has-post-thumbnail","6":"product_cat-b2b","7":"product_cat-prislusenstvo","9":"first","10":"instock","11":"taxable","12":"shipping-taxable","13":"purchasable","14":"product-type-simple"},"acf":[],"_links":{"self":[{"href":"https:\/\/pealock.com\/sk\/wp-json\/wp\/v2\/product\/1343","targetHints":{"allow":["GET"]}}],"collection":[{"href":"https:\/\/pealock.com\/sk\/wp-json\/wp\/v2\/product"}],"about":[{"href":"https:\/\/pealock.com\/sk\/wp-json\/wp\/v2\/types\/product"}],"version-history":[{"count":2,"href":"https:\/\/pealock.com\/sk\/wp-json\/wp\/v2\/product\/1343\/revisions"}],"predecessor-version":[{"id":1980,"href":"https:\/\/pealock.com\/sk\/wp-json\/wp\/v2\/product\/1343\/revisions\/1980"}],"wp:featuredmedia":[{"embeddable":true,"href":"https:\/\/pealock.com\/sk\/wp-json\/wp\/v2\/media\/1334"}],"wp:attachment":[{"href":"https:\/\/pealock.com\/sk\/wp-json\/wp\/v2\/media?parent=1343"}],"wp:term":[{"taxonomy":"product_brand","embeddable":true,"href":"https:\/\/pealock.com\/sk\/wp-json\/wp\/v2\/product_brand?post=1343"},{"taxonomy":"product_cat","embeddable":true,"href":"https:\/\/pealock.com\/sk\/wp-json\/wp\/v2\/product_cat?post=1343"},{"taxonomy":"product_tag","embeddable":true,"href":"https:\/\/pealock.com\/sk\/wp-json\/wp\/v2\/product_tag?post=1343"}],"curies":[{"name":"wp","href":"https:\/\/api.w.org\/{rel}","templated":true}]}}