{"id":1326,"date":"2024-02-19T21:33:06","date_gmt":"2024-02-19T20:33:06","guid":{"rendered":"https:\/\/pealock.com\/product\/nfc-keychain\/"},"modified":"2024-11-13T08:02:42","modified_gmt":"2024-11-13T07:02:42","slug":"nfc-klucenka","status":"publish","type":"product","link":"https:\/\/pealock.com\/sk\/produkt\/nfc-klucenka\/","title":{"rendered":"NFC k\u013e\u00fa\u010denka"},"content":{"rendered":"<p style=\"text-align: center;\">NFC k\u013e\u00fa\u010denka sl\u00fa\u017ei pre odomykanie \/ zamykanie Pealocku. Preferujete miesto NFC karty sk\u00f4r k\u013e\u00fa\u010denku? K Pealocku m\u00f4\u017eete prida\u0165 a\u017e 5 NFC k\u013e\u00fa\u010deniek \/ kariet.<\/p>\n<p style=\"text-align: center;\">Farba: \u010dierna<\/p>\n","protected":false},"excerpt":{"rendered":"<p style=\"text-align: center;\">NFC k\u013e\u00fa\u010denka sl\u00fa\u017ei pre odomykanie \/ zamykanie Pealocku. Preferujete miesto NFC karty sk\u00f4r k\u013e\u00fa\u010denku? K Pealocku m\u00f4\u017eete prida\u0165 a\u017e 5 NFC k\u013e\u00fa\u010deniek \/ kariet.<\/p>\n<p style=\"text-align: center;\">Farba: \u010dierna<\/p>\n","protected":false},"featured_media":1305,"template":"","meta":{"_acf_changed":false},"product_brand":[],"product_cat":[121,47],"product_tag":[],"class_list":{"0":"post-1326","1":"product","2":"type-product","3":"status-publish","4":"has-post-thumbnail","6":"product_cat-b2b","7":"product_cat-prislusenstvo","9":"first","10":"instock","11":"taxable","12":"shipping-taxable","13":"purchasable","14":"product-type-simple"},"acf":[],"_links":{"self":[{"href":"https:\/\/pealock.com\/sk\/wp-json\/wp\/v2\/product\/1326","targetHints":{"allow":["GET"]}}],"collection":[{"href":"https:\/\/pealock.com\/sk\/wp-json\/wp\/v2\/product"}],"about":[{"href":"https:\/\/pealock.com\/sk\/wp-json\/wp\/v2\/types\/product"}],"version-history":[{"count":2,"href":"https:\/\/pealock.com\/sk\/wp-json\/wp\/v2\/product\/1326\/revisions"}],"predecessor-version":[{"id":1974,"href":"https:\/\/pealock.com\/sk\/wp-json\/wp\/v2\/product\/1326\/revisions\/1974"}],"wp:featuredmedia":[{"embeddable":true,"href":"https:\/\/pealock.com\/sk\/wp-json\/wp\/v2\/media\/1305"}],"wp:attachment":[{"href":"https:\/\/pealock.com\/sk\/wp-json\/wp\/v2\/media?parent=1326"}],"wp:term":[{"taxonomy":"product_brand","embeddable":true,"href":"https:\/\/pealock.com\/sk\/wp-json\/wp\/v2\/product_brand?post=1326"},{"taxonomy":"product_cat","embeddable":true,"href":"https:\/\/pealock.com\/sk\/wp-json\/wp\/v2\/product_cat?post=1326"},{"taxonomy":"product_tag","embeddable":true,"href":"https:\/\/pealock.com\/sk\/wp-json\/wp\/v2\/product_tag?post=1326"}],"curies":[{"name":"wp","href":"https:\/\/api.w.org\/{rel}","templated":true}]}}