{"id":81516,"date":"2025-09-19T15:45:30","date_gmt":"2025-09-19T13:45:30","guid":{"rendered":"https:\/\/pealock.com\/?post_type=product&#038;p=81516"},"modified":"2025-09-19T15:45:32","modified_gmt":"2025-09-19T13:45:32","slug":"gps-tracker-pealock-drive","status":"publish","type":"product","link":"https:\/\/pealock.com\/es\/producto\/gps-tracker-pealock-drive\/","title":{"rendered":"GPS Tracker Pealock DRIVE"},"content":{"rendered":"<p><b>GPS tracker <\/b>je v\u00fdkonn\u00e9 sledovac\u00ed za\u0159\u00edzen\u00ed navr\u017een\u00e9 pro <b>dlouhodob\u00e9 monitorov\u00e1n\u00ed vozidel, stavebn\u00edch stroj\u016f, cenn\u00fdch p\u0159edm\u011bt\u016f, ale i nap\u0159\u00edklad lod\u00ed a kontejner\u016f<\/b>. D\u00edky <b>siln\u00fdm magnet\u016fm<\/b> jej lze snadno a rychle upevnit bez nutnosti slo\u017eit\u00e9 instalace. Tracker nab\u00edz\u00ed <b>pokro\u010dil\u00e9 bezpe\u010dnostn\u00ed funkce<\/b>, v\u010detn\u011b <b>alarmu<\/b>, kter\u00fd upozorn\u00ed na neopr\u00e1vn\u011bnou manipulaci.<\/p>\n<p>Za\u0159\u00edzen\u00ed vyu\u017e\u00edv\u00e1 <b>GPS + BDS du\u00e1ln\u00ed satelitn\u00ed syst\u00e9m<\/b>, co\u017e zaji\u0161\u0165uje <b>vysoce p\u0159esn\u00e9 sledov\u00e1n\u00ed<\/b> s <b>p\u0159esnost\u00ed pod 10 metr\u016f<\/b>. D\u00edky podpo\u0159e <b>4G LTE s\u00edt\u011b<\/b> poskytuje rychlou a stabiln\u00ed komunikaci. S <b>bateri\u00ed o kapacit\u011b a\u017e 10 000 mAh<\/b>umo\u017e\u0148uje <b>dlouhou v\u00fddr\u017e bez nutnosti \u010dast\u00e9ho nab\u00edjen\u00ed<\/b>.<\/p>\n<p>*SIM karta je sou\u010d\u00e1st\u00ed trackeru ji\u017e z v\u00fdroby.<\/p>\n","protected":false},"excerpt":{"rendered":"<p style=\"text-align: center;\">\u2713 pokro\u010dil\u00e9 funkce a snadn\u00e1 instalace<\/p>\n<p style=\"text-align: center;\">\u2713 historie tras<\/p>\n<p style=\"text-align: center;\">\u2713 vod\u011bodoln\u00e9 IP67<\/p>\n","protected":false},"featured_media":81906,"template":"","meta":{"_acf_changed":false},"product_brand":[],"product_cat":[57],"product_tag":[],"class_list":{"0":"post-81516","1":"product","2":"type-product","3":"status-publish","4":"has-post-thumbnail","6":"product_cat-pealock-es","8":"first","9":"outofstock","10":"sale","11":"taxable","12":"shipping-taxable","13":"purchasable","14":"product-type-simple"},"acf":[],"_links":{"self":[{"href":"https:\/\/pealock.com\/es\/wp-json\/wp\/v2\/product\/81516","targetHints":{"allow":["GET"]}}],"collection":[{"href":"https:\/\/pealock.com\/es\/wp-json\/wp\/v2\/product"}],"about":[{"href":"https:\/\/pealock.com\/es\/wp-json\/wp\/v2\/types\/product"}],"version-history":[{"count":4,"href":"https:\/\/pealock.com\/es\/wp-json\/wp\/v2\/product\/81516\/revisions"}],"predecessor-version":[{"id":81614,"href":"https:\/\/pealock.com\/es\/wp-json\/wp\/v2\/product\/81516\/revisions\/81614"}],"wp:featuredmedia":[{"embeddable":true,"href":"https:\/\/pealock.com\/es\/wp-json\/wp\/v2\/media\/81906"}],"wp:attachment":[{"href":"https:\/\/pealock.com\/es\/wp-json\/wp\/v2\/media?parent=81516"}],"wp:term":[{"taxonomy":"product_brand","embeddable":true,"href":"https:\/\/pealock.com\/es\/wp-json\/wp\/v2\/product_brand?post=81516"},{"taxonomy":"product_cat","embeddable":true,"href":"https:\/\/pealock.com\/es\/wp-json\/wp\/v2\/product_cat?post=81516"},{"taxonomy":"product_tag","embeddable":true,"href":"https:\/\/pealock.com\/es\/wp-json\/wp\/v2\/product_tag?post=81516"}],"curies":[{"name":"wp","href":"https:\/\/api.w.org\/{rel}","templated":true}]}}