{"id":81400,"date":"2025-08-14T01:54:47","date_gmt":"2025-08-13T23:54:47","guid":{"rendered":"https:\/\/pealock.com\/?post_type=product&#038;p=81400"},"modified":"2025-08-14T01:54:49","modified_gmt":"2025-08-13T23:54:49","slug":"collares","status":"publish","type":"product","link":"https:\/\/pealock.com\/es\/producto\/collares\/","title":{"rendered":"Collares"},"content":{"rendered":"<p>Collar elegante y resistente dise\u00f1ado espec\u00edficamente para su uso con el rastreador GPS de su mascota. Gracias al sistema de fijaci\u00f3n integrado, el rastreador se mantiene firmemente en su sitio sin limitar el movimiento del animal. Fabricado con materiales resistentes pero c\u00f3modos, es respetuoso con el pelaje y resistente al agua y la suciedad. Su longitud ajustable garantiza un ajuste perfecto para perros de todos los tama\u00f1os, mientras que su resistente hebilla garantiza un cierre seguro. El complemento ideal para seguir de cerca a tu amigo de cuatro patas en todas sus aventuras.<\/p>\n","protected":false},"excerpt":{"rendered":"<p>Collar elegante y resistente dise\u00f1ado espec\u00edficamente para su uso con el rastreador GPS de su mascota. Gracias al sistema de fijaci\u00f3n integrado, el rastreador se mantiene firmemente en su sitio sin limitar el movimiento del animal. Fabricado con materiales resistentes pero c\u00f3modos, es respetuoso con el pelaje y resistente al agua y la suciedad. Su [&hellip;]<\/p>\n","protected":false},"featured_media":81950,"template":"","meta":{"_acf_changed":false},"product_brand":[],"product_cat":[48,131],"product_tag":[],"class_list":{"0":"post-81400","1":"product","2":"type-product","3":"status-publish","4":"has-post-thumbnail","6":"product_cat-accessories-es","7":"product_cat-tracker-dog-es","9":"first","10":"instock","11":"taxable","12":"shipping-taxable","13":"purchasable","14":"product-type-variable"},"acf":[],"_links":{"self":[{"href":"https:\/\/pealock.com\/es\/wp-json\/wp\/v2\/product\/81400","targetHints":{"allow":["GET"]}}],"collection":[{"href":"https:\/\/pealock.com\/es\/wp-json\/wp\/v2\/product"}],"about":[{"href":"https:\/\/pealock.com\/es\/wp-json\/wp\/v2\/types\/product"}],"version-history":[{"count":3,"href":"https:\/\/pealock.com\/es\/wp-json\/wp\/v2\/product\/81400\/revisions"}],"predecessor-version":[{"id":81429,"href":"https:\/\/pealock.com\/es\/wp-json\/wp\/v2\/product\/81400\/revisions\/81429"}],"wp:featuredmedia":[{"embeddable":true,"href":"https:\/\/pealock.com\/es\/wp-json\/wp\/v2\/media\/81950"}],"wp:attachment":[{"href":"https:\/\/pealock.com\/es\/wp-json\/wp\/v2\/media?parent=81400"}],"wp:term":[{"taxonomy":"product_brand","embeddable":true,"href":"https:\/\/pealock.com\/es\/wp-json\/wp\/v2\/product_brand?post=81400"},{"taxonomy":"product_cat","embeddable":true,"href":"https:\/\/pealock.com\/es\/wp-json\/wp\/v2\/product_cat?post=81400"},{"taxonomy":"product_tag","embeddable":true,"href":"https:\/\/pealock.com\/es\/wp-json\/wp\/v2\/product_tag?post=81400"}],"curies":[{"name":"wp","href":"https:\/\/api.w.org\/{rel}","templated":true}]}}