{"id":3139,"date":"2024-03-05T15:26:13","date_gmt":"2024-03-05T14:26:13","guid":{"rendered":"https:\/\/pealock.com\/product\/pealock-smart-bluetooth-locator\/"},"modified":"2025-08-14T02:00:55","modified_gmt":"2025-08-14T00:00:55","slug":"tag-localizador","status":"publish","type":"product","link":"https:\/\/pealock.com\/es\/producto\/tag-localizador\/","title":{"rendered":"GPS Tracker Pealock DOG"},"content":{"rendered":"<p>\u00bfQuiere tener controlados sus activos en todo momento? Entonces no deber\u00eda perderse nuestro Tag. El discreto localizador ser\u00e1 su pr\u00e1ctico ayudante, tanto si quiere rastrear su bicicleta, scooter, llaves u otras pertenencias personales. Gracias a su pr\u00e1ctico lazo, podr\u00e1 sujetarlo a casi cualquier cosa. Pero no se preocupe, todo el proceso es completamente seguro y an\u00f3nimo. S\u00f3lo usted puede ver la ubicaci\u00f3n de su dispositivo.<\/p>\n<p>*La etiqueta s\u00f3lo es compatible con dispositivos Apple.<\/p>\n","protected":false},"excerpt":{"rendered":"<p style=\"text-align: center;\">\u2713 localizador Bluetooth inteligente<\/p>\n<p style=\"text-align: center;\">\u2713 compatible con Apple \u00abFind\u00bb<\/p>\n<p style=\"text-align: center;\">\u2713 para llaves, bicicleta, objetos personales<\/p>\n","protected":false},"featured_media":80641,"template":"","meta":{"_acf_changed":false},"product_brand":[],"product_cat":[57],"product_tag":[],"class_list":{"0":"post-3139","1":"product","2":"type-product","3":"status-publish","4":"has-post-thumbnail","6":"product_cat-pealock-es","8":"first","9":"outofstock","10":"sale","11":"taxable","12":"shipping-taxable","13":"purchasable","14":"product-type-variable","15":"has-default-attributes"},"acf":[],"_links":{"self":[{"href":"https:\/\/pealock.com\/es\/wp-json\/wp\/v2\/product\/3139","targetHints":{"allow":["GET"]}}],"collection":[{"href":"https:\/\/pealock.com\/es\/wp-json\/wp\/v2\/product"}],"about":[{"href":"https:\/\/pealock.com\/es\/wp-json\/wp\/v2\/types\/product"}],"version-history":[{"count":17,"href":"https:\/\/pealock.com\/es\/wp-json\/wp\/v2\/product\/3139\/revisions"}],"predecessor-version":[{"id":81431,"href":"https:\/\/pealock.com\/es\/wp-json\/wp\/v2\/product\/3139\/revisions\/81431"}],"wp:featuredmedia":[{"embeddable":true,"href":"https:\/\/pealock.com\/es\/wp-json\/wp\/v2\/media\/80641"}],"wp:attachment":[{"href":"https:\/\/pealock.com\/es\/wp-json\/wp\/v2\/media?parent=3139"}],"wp:term":[{"taxonomy":"product_brand","embeddable":true,"href":"https:\/\/pealock.com\/es\/wp-json\/wp\/v2\/product_brand?post=3139"},{"taxonomy":"product_cat","embeddable":true,"href":"https:\/\/pealock.com\/es\/wp-json\/wp\/v2\/product_cat?post=3139"},{"taxonomy":"product_tag","embeddable":true,"href":"https:\/\/pealock.com\/es\/wp-json\/wp\/v2\/product_tag?post=3139"}],"curies":[{"name":"wp","href":"https:\/\/api.w.org\/{rel}","templated":true}]}}