{"id":3108,"date":"2024-03-05T15:29:27","date_gmt":"2024-03-05T14:29:27","guid":{"rendered":"https:\/\/pealock.com\/product\/hulk-light-with-alarm\/"},"modified":"2024-04-30T11:10:20","modified_gmt":"2024-04-30T09:10:20","slug":"hulk-luz-con-alarma","status":"publish","type":"product","link":"https:\/\/pealock.com\/es\/producto\/hulk-luz-con-alarma\/","title":{"rendered":"Hulk &#8211; luz con alarma"},"content":{"rendered":"<p>Hulk esconde 3 \u00fatiles funciones en un solo dispositivo: funciona como luz trasera de bicicleta, incluye una funci\u00f3n de luz de freno autom\u00e1tica y como una sonora alarma de seguridad.<br \/>\nLa linterna LED tiene 4 modos de iluminaci\u00f3n.<\/p>\n","protected":false},"excerpt":{"rendered":"<p>\u2713 luz trasera LED<\/p>\n<p>\u2713 funci\u00f3n de luz de freno<\/p>\n<p>\u2713 sensor de movimiento<\/p>\n<p>\u2713 alarma de 120dB<\/p>\n","protected":false},"featured_media":2287,"template":"","meta":{"_acf_changed":false},"product_brand":[],"product_cat":[122,53,57],"product_tag":[],"class_list":{"0":"post-3108","1":"product","2":"type-product","3":"status-publish","4":"has-post-thumbnail","6":"product_cat-b2b-es","7":"product_cat-b2b-partner-es","8":"product_cat-pealock-es","10":"first","11":"outofstock","12":"sale","13":"taxable","14":"shipping-taxable","15":"purchasable","16":"product-type-simple"},"acf":[],"_links":{"self":[{"href":"https:\/\/pealock.com\/es\/wp-json\/wp\/v2\/product\/3108","targetHints":{"allow":["GET"]}}],"collection":[{"href":"https:\/\/pealock.com\/es\/wp-json\/wp\/v2\/product"}],"about":[{"href":"https:\/\/pealock.com\/es\/wp-json\/wp\/v2\/types\/product"}],"version-history":[{"count":5,"href":"https:\/\/pealock.com\/es\/wp-json\/wp\/v2\/product\/3108\/revisions"}],"predecessor-version":[{"id":79002,"href":"https:\/\/pealock.com\/es\/wp-json\/wp\/v2\/product\/3108\/revisions\/79002"}],"wp:featuredmedia":[{"embeddable":true,"href":"https:\/\/pealock.com\/es\/wp-json\/wp\/v2\/media\/2287"}],"wp:attachment":[{"href":"https:\/\/pealock.com\/es\/wp-json\/wp\/v2\/media?parent=3108"}],"wp:term":[{"taxonomy":"product_brand","embeddable":true,"href":"https:\/\/pealock.com\/es\/wp-json\/wp\/v2\/product_brand?post=3108"},{"taxonomy":"product_cat","embeddable":true,"href":"https:\/\/pealock.com\/es\/wp-json\/wp\/v2\/product_cat?post=3108"},{"taxonomy":"product_tag","embeddable":true,"href":"https:\/\/pealock.com\/es\/wp-json\/wp\/v2\/product_tag?post=3108"}],"curies":[{"name":"wp","href":"https:\/\/api.w.org\/{rel}","templated":true}]}}