{"id":3020,"date":"2024-03-05T15:55:33","date_gmt":"2024-03-05T14:55:33","guid":{"rendered":"https:\/\/pealock.com\/product\/pealock-optimus-folding-lock\/"},"modified":"2024-05-13T15:21:14","modified_gmt":"2024-05-13T13:21:14","slug":"optimus-cerradura-plegable","status":"publish","type":"product","link":"https:\/\/pealock.com\/es\/producto\/optimus-cerradura-plegable\/","title":{"rendered":"Optimus &#8211; cerradura plegable"},"content":{"rendered":"<p>Proteja su equipo deportivo contra robos con nuestro fiable candado Optimus. Este candado plegable y compacto se ha dise\u00f1ado pensando en la seguridad, la m\u00e1xima durabilidad y la facilidad de manejo. El candado tambi\u00e9n cuenta con una potente alarma de seguridad de 120 dB que se activa autom\u00e1ticamente en caso de movimiento no deseado. As\u00ed que si busca un candado para su bicicleta, scooter o moto, Optimus es el que debe elegir.<\/p>\n","protected":false},"excerpt":{"rendered":"<p style=\"text-align: center;\">\u2713 cuerpo de la cerradura de acero al manganeso<\/p>\n<p style=\"text-align: center;\">\u2713 alarma de 120 dB<\/p>\n<p style=\"text-align: center;\">\u2713 sensor de movimiento<\/p>\n","protected":false},"featured_media":2297,"template":"","meta":{"_acf_changed":false},"product_brand":[],"product_cat":[122,57],"product_tag":[],"class_list":{"0":"post-3020","1":"product","2":"type-product","3":"status-publish","4":"has-post-thumbnail","6":"product_cat-b2b-es","7":"product_cat-pealock-es","9":"first","10":"instock","11":"sale","12":"taxable","13":"shipping-taxable","14":"purchasable","15":"product-type-simple"},"acf":[],"_links":{"self":[{"href":"https:\/\/pealock.com\/es\/wp-json\/wp\/v2\/product\/3020","targetHints":{"allow":["GET"]}}],"collection":[{"href":"https:\/\/pealock.com\/es\/wp-json\/wp\/v2\/product"}],"about":[{"href":"https:\/\/pealock.com\/es\/wp-json\/wp\/v2\/types\/product"}],"version-history":[{"count":10,"href":"https:\/\/pealock.com\/es\/wp-json\/wp\/v2\/product\/3020\/revisions"}],"predecessor-version":[{"id":79168,"href":"https:\/\/pealock.com\/es\/wp-json\/wp\/v2\/product\/3020\/revisions\/79168"}],"wp:featuredmedia":[{"embeddable":true,"href":"https:\/\/pealock.com\/es\/wp-json\/wp\/v2\/media\/2297"}],"wp:attachment":[{"href":"https:\/\/pealock.com\/es\/wp-json\/wp\/v2\/media?parent=3020"}],"wp:term":[{"taxonomy":"product_brand","embeddable":true,"href":"https:\/\/pealock.com\/es\/wp-json\/wp\/v2\/product_brand?post=3020"},{"taxonomy":"product_cat","embeddable":true,"href":"https:\/\/pealock.com\/es\/wp-json\/wp\/v2\/product_cat?post=3020"},{"taxonomy":"product_tag","embeddable":true,"href":"https:\/\/pealock.com\/es\/wp-json\/wp\/v2\/product_tag?post=3020"}],"curies":[{"name":"wp","href":"https:\/\/api.w.org\/{rel}","templated":true}]}}