{"id":2958,"date":"2024-03-06T07:22:03","date_gmt":"2024-03-06T06:22:03","guid":{"rendered":"https:\/\/pealock.com\/product\/pealock-2-electronic-lock\/"},"modified":"2024-04-30T11:53:10","modified_gmt":"2024-04-30T09:53:10","slug":"pealock-2-candado-electronico","status":"publish","type":"product","link":"https:\/\/pealock.com\/es\/producto\/pealock-2-candado-electronico\/","title":{"rendered":"Pealock 2 &#8211; candado electr\u00f3nico"},"content":{"rendered":"<p>Pealock es un candado electr\u00f3nico inteligente para tu equipo deportivo. Multifuncional y f\u00e1cilmente port\u00e1til. Puedes guardarlo f\u00e1cilmente en un bolsillo de un maillot de ciclismo o chaqueta de esqu\u00ed y lo tendr\u00e1s disponible en cualquier momento.<\/p>\n","protected":false},"excerpt":{"rendered":"<p style=\"text-align: center;\">\u2713 apto para su uso en toda la UE<\/p>\n<p style=\"text-align: center;\">\u2713 sensor de movimiento, alarma<\/p>\n<p style=\"text-align: center;\">\u2713 notificaciones a pantalla completa<\/p>\n<p style=\"text-align: center;\">\u2713 localizaci\u00f3n GPS<\/p>\n","protected":false},"featured_media":2677,"template":"","meta":{"_acf_changed":false},"product_brand":[],"product_cat":[122,53,57],"product_tag":[],"class_list":{"0":"post-2958","1":"product","2":"type-product","3":"status-publish","4":"has-post-thumbnail","6":"product_cat-b2b-es","7":"product_cat-b2b-partner-es","8":"product_cat-pealock-es","10":"first","11":"outofstock","12":"sale","13":"taxable","14":"shipping-taxable","15":"purchasable","16":"product-type-variable","17":"has-default-attributes"},"acf":[],"_links":{"self":[{"href":"https:\/\/pealock.com\/es\/wp-json\/wp\/v2\/product\/2958","targetHints":{"allow":["GET"]}}],"collection":[{"href":"https:\/\/pealock.com\/es\/wp-json\/wp\/v2\/product"}],"about":[{"href":"https:\/\/pealock.com\/es\/wp-json\/wp\/v2\/types\/product"}],"version-history":[{"count":23,"href":"https:\/\/pealock.com\/es\/wp-json\/wp\/v2\/product\/2958\/revisions"}],"predecessor-version":[{"id":79021,"href":"https:\/\/pealock.com\/es\/wp-json\/wp\/v2\/product\/2958\/revisions\/79021"}],"wp:featuredmedia":[{"embeddable":true,"href":"https:\/\/pealock.com\/es\/wp-json\/wp\/v2\/media\/2677"}],"wp:attachment":[{"href":"https:\/\/pealock.com\/es\/wp-json\/wp\/v2\/media?parent=2958"}],"wp:term":[{"taxonomy":"product_brand","embeddable":true,"href":"https:\/\/pealock.com\/es\/wp-json\/wp\/v2\/product_brand?post=2958"},{"taxonomy":"product_cat","embeddable":true,"href":"https:\/\/pealock.com\/es\/wp-json\/wp\/v2\/product_cat?post=2958"},{"taxonomy":"product_tag","embeddable":true,"href":"https:\/\/pealock.com\/es\/wp-json\/wp\/v2\/product_tag?post=2958"}],"curies":[{"name":"wp","href":"https:\/\/api.w.org\/{rel}","templated":true}]}}