{"id":81514,"date":"2025-09-19T15:45:30","date_gmt":"2025-09-19T13:45:30","guid":{"rendered":"https:\/\/pealock.com\/?post_type=product&#038;p=81514"},"modified":"2025-10-07T14:41:23","modified_gmt":"2025-10-07T12:41:23","slug":"gps-tracker-pealock-drive","status":"publish","type":"product","link":"https:\/\/pealock.com\/de\/produkt\/gps-tracker-pealock-drive\/","title":{"rendered":"GPS Tracker DRIVE"},"content":{"rendered":"<p>Der GPS-Tracker ist ein leistungsstarkes Ortungsger\u00e4t f\u00fcr die langfristige \u00dcberwachung von Fahrzeugen, Baumaschinen, Schiffen und Containern. Dank starker Magnete l\u00e4sst er sich einfach und schnell montieren, ohne dass eine aufw\u00e4ndige Installation erforderlich ist. Das Ger\u00e4t nutzt das GPS + BDS-Dual-Satellitensystem, das eine hochpr\u00e4zise Ortung mit einer Genauigkeit von unter 10 Metern gew\u00e4hrleistet. Dank der Unterst\u00fctzung des 4G-LTE-Netzes bietet er eine schnelle und stabile Kommunikation. Mit einer Akkukapazit\u00e4t von bis zu 10.000 mAh erm\u00f6glicht er einen langlebigen Betrieb ohne h\u00e4ufiges Aufladen.<\/p>\n<p>*Eine SIM-Karte ist im Lieferumfang des Trackers enthalten.<\/p>\n","protected":false},"excerpt":{"rendered":"<p style=\"text-align: center;\">\u2713 Lange Akkulaufzeit<\/p>\n<p style=\"text-align: center;\">\u2713 Trackverlauf<\/p>\n<p style=\"text-align: center;\">\u2713 IP67 wasserdicht<\/p>\n<p style=\"text-align: center;\">\u2713 Echtzeit-Tracking<\/p>\n","protected":false},"featured_media":81904,"template":"","meta":{"_acf_changed":false},"product_brand":[],"product_cat":[55],"product_tag":[],"class_list":{"0":"post-81514","1":"product","2":"type-product","3":"status-publish","4":"has-post-thumbnail","6":"product_cat-pealock-de","8":"first","9":"outofstock","10":"sale","11":"taxable","12":"shipping-taxable","13":"purchasable","14":"product-type-simple"},"acf":[],"_links":{"self":[{"href":"https:\/\/pealock.com\/de\/wp-json\/wp\/v2\/product\/81514","targetHints":{"allow":["GET"]}}],"collection":[{"href":"https:\/\/pealock.com\/de\/wp-json\/wp\/v2\/product"}],"about":[{"href":"https:\/\/pealock.com\/de\/wp-json\/wp\/v2\/types\/product"}],"version-history":[{"count":11,"href":"https:\/\/pealock.com\/de\/wp-json\/wp\/v2\/product\/81514\/revisions"}],"predecessor-version":[{"id":82411,"href":"https:\/\/pealock.com\/de\/wp-json\/wp\/v2\/product\/81514\/revisions\/82411"}],"wp:featuredmedia":[{"embeddable":true,"href":"https:\/\/pealock.com\/de\/wp-json\/wp\/v2\/media\/81904"}],"wp:attachment":[{"href":"https:\/\/pealock.com\/de\/wp-json\/wp\/v2\/media?parent=81514"}],"wp:term":[{"taxonomy":"product_brand","embeddable":true,"href":"https:\/\/pealock.com\/de\/wp-json\/wp\/v2\/product_brand?post=81514"},{"taxonomy":"product_cat","embeddable":true,"href":"https:\/\/pealock.com\/de\/wp-json\/wp\/v2\/product_cat?post=81514"},{"taxonomy":"product_tag","embeddable":true,"href":"https:\/\/pealock.com\/de\/wp-json\/wp\/v2\/product_tag?post=81514"}],"curies":[{"name":"wp","href":"https:\/\/api.w.org\/{rel}","templated":true}]}}