{"id":81497,"date":"2025-08-21T12:54:06","date_gmt":"2025-08-21T10:54:06","guid":{"rendered":"https:\/\/pealock.com\/?post_type=product&#038;p=81497"},"modified":"2025-10-07T14:39:01","modified_gmt":"2025-10-07T12:39:01","slug":"optimus-faltschloss-copy","status":"publish","type":"product","link":"https:\/\/pealock.com\/de\/produkt\/optimus-faltschloss-copy\/","title":{"rendered":"GPS Tracker UNI"},"content":{"rendered":"<p>Behalten Sie Ihre Besitzt\u00fcmer rund um die Uhr unter Kontrolle.<br \/>\nSuchen Sie eine sichere und effektive L\u00f6sung zur Ortung Ihres Autos, Kindes, Motorrads, Wohnwagens oder anderer wertvoller Besitzt\u00fcmer? Der GPS-Tracker liefert Ihnen pr\u00e4zise Echtzeit-Standortdaten, Routenverlauf und erweiterte Sicherheitsfunktionen. Dank 4G-Netzunterst\u00fctzung und dualer Satellitenortung wissen Sie immer, wo sich Ihr Tracker befindet.<\/p>\n<p>*Eine SIM-Karte ist im Lieferumfang enthalten.<\/p>\n","protected":false},"excerpt":{"rendered":"<p style=\"text-align: center;\">\u2713 Echtzeit-Tracking<\/p>\n<p style=\"text-align: center;\">\u2713 Trackverlauf-Aufzeichnung<\/p>\n<p style=\"text-align: center;\">\u2713 IP65 wasserdicht<\/p>\n<p style=\"text-align: center;\">\u2713 Magnethalterung<\/p>\n","protected":false},"featured_media":81914,"template":"","meta":{"_acf_changed":false},"product_brand":[],"product_cat":[120,55],"product_tag":[],"class_list":{"0":"post-81497","1":"product","2":"type-product","3":"status-publish","4":"has-post-thumbnail","6":"product_cat-b2b","7":"product_cat-pealock-de","9":"first","10":"outofstock","11":"sale","12":"taxable","13":"shipping-taxable","14":"purchasable","15":"product-type-simple"},"acf":[],"_links":{"self":[{"href":"https:\/\/pealock.com\/de\/wp-json\/wp\/v2\/product\/81497","targetHints":{"allow":["GET"]}}],"collection":[{"href":"https:\/\/pealock.com\/de\/wp-json\/wp\/v2\/product"}],"about":[{"href":"https:\/\/pealock.com\/de\/wp-json\/wp\/v2\/types\/product"}],"version-history":[{"count":9,"href":"https:\/\/pealock.com\/de\/wp-json\/wp\/v2\/product\/81497\/revisions"}],"predecessor-version":[{"id":82403,"href":"https:\/\/pealock.com\/de\/wp-json\/wp\/v2\/product\/81497\/revisions\/82403"}],"wp:featuredmedia":[{"embeddable":true,"href":"https:\/\/pealock.com\/de\/wp-json\/wp\/v2\/media\/81914"}],"wp:attachment":[{"href":"https:\/\/pealock.com\/de\/wp-json\/wp\/v2\/media?parent=81497"}],"wp:term":[{"taxonomy":"product_brand","embeddable":true,"href":"https:\/\/pealock.com\/de\/wp-json\/wp\/v2\/product_brand?post=81497"},{"taxonomy":"product_cat","embeddable":true,"href":"https:\/\/pealock.com\/de\/wp-json\/wp\/v2\/product_cat?post=81497"},{"taxonomy":"product_tag","embeddable":true,"href":"https:\/\/pealock.com\/de\/wp-json\/wp\/v2\/product_tag?post=81497"}],"curies":[{"name":"wp","href":"https:\/\/api.w.org\/{rel}","templated":true}]}}