{"id":81386,"date":"2025-08-14T01:54:47","date_gmt":"2025-08-13T23:54:47","guid":{"rendered":"https:\/\/pealock.com\/?post_type=product&#038;p=81386"},"modified":"2025-08-14T01:54:48","modified_gmt":"2025-08-13T23:54:48","slug":"halsbaender","status":"publish","type":"product","link":"https:\/\/pealock.com\/de\/produkt\/halsbaender\/","title":{"rendered":"Halsb\u00e4nder"},"content":{"rendered":"<p>Ein stylischer und strapazierf\u00e4higer Halsband, der speziell f\u00fcr die Verwendung mit dem GPS-Tracker Ihres Haustieres entwickelt wurde. Dank des integrierten Befestigungssystems bleibt der Tracker fest an seinem Platz, ohne die Bewegungsfreiheit des Tieres einzuschr\u00e4nken. Er besteht aus robusten, aber bequemen Materialien, ist fellfreundlich und widerstandsf\u00e4hig gegen Wasser und Schmutz. Die einstellbare L\u00e4nge sorgt f\u00fcr eine perfekte Passform f\u00fcr Hunde aller Gr\u00f6\u00dfen, w\u00e4hrend der feste Verschluss ein sicheres Anlegen garantiert. Das ideale Accessoire, um Ihren vierbeinigen Freund bei jedem Abenteuer zuverl\u00e4ssig zu verfolgen.<\/p>\n","protected":false},"excerpt":{"rendered":"<p>Ein stylischer und strapazierf\u00e4higer Halsband, der speziell f\u00fcr die Verwendung mit dem GPS-Tracker Ihres Haustieres entwickelt wurde. Dank des integrierten Befestigungssystems bleibt der Tracker fest an seinem Platz, ohne die Bewegungsfreiheit des Tieres einzuschr\u00e4nken. Er besteht aus robusten, aber bequemen Materialien, ist fellfreundlich und widerstandsf\u00e4hig gegen Wasser und Schmutz. Die einstellbare L\u00e4nge sorgt f\u00fcr eine [&hellip;]<\/p>\n","protected":false},"featured_media":81948,"template":"","meta":{"_acf_changed":false},"product_brand":[],"product_cat":[129,46],"product_tag":[],"class_list":{"0":"post-81386","1":"product","2":"type-product","3":"status-publish","4":"has-post-thumbnail","6":"product_cat-tracker-dog-de","7":"product_cat-zubehoer","9":"first","10":"instock","11":"taxable","12":"shipping-taxable","13":"purchasable","14":"product-type-variable"},"acf":[],"_links":{"self":[{"href":"https:\/\/pealock.com\/de\/wp-json\/wp\/v2\/product\/81386","targetHints":{"allow":["GET"]}}],"collection":[{"href":"https:\/\/pealock.com\/de\/wp-json\/wp\/v2\/product"}],"about":[{"href":"https:\/\/pealock.com\/de\/wp-json\/wp\/v2\/types\/product"}],"version-history":[{"count":4,"href":"https:\/\/pealock.com\/de\/wp-json\/wp\/v2\/product\/81386\/revisions"}],"predecessor-version":[{"id":81427,"href":"https:\/\/pealock.com\/de\/wp-json\/wp\/v2\/product\/81386\/revisions\/81427"}],"wp:featuredmedia":[{"embeddable":true,"href":"https:\/\/pealock.com\/de\/wp-json\/wp\/v2\/media\/81948"}],"wp:attachment":[{"href":"https:\/\/pealock.com\/de\/wp-json\/wp\/v2\/media?parent=81386"}],"wp:term":[{"taxonomy":"product_brand","embeddable":true,"href":"https:\/\/pealock.com\/de\/wp-json\/wp\/v2\/product_brand?post=81386"},{"taxonomy":"product_cat","embeddable":true,"href":"https:\/\/pealock.com\/de\/wp-json\/wp\/v2\/product_cat?post=81386"},{"taxonomy":"product_tag","embeddable":true,"href":"https:\/\/pealock.com\/de\/wp-json\/wp\/v2\/product_tag?post=81386"}],"curies":[{"name":"wp","href":"https:\/\/api.w.org\/{rel}","templated":true}]}}