{"id":3124,"date":"2024-03-05T15:26:13","date_gmt":"2024-03-05T14:26:13","guid":{"rendered":"https:\/\/pealock.com\/product\/pealock-smart-bluetooth-locator\/"},"modified":"2025-10-07T14:36:48","modified_gmt":"2025-10-07T12:36:48","slug":"tag-standortbestimmung","status":"publish","type":"product","link":"https:\/\/pealock.com\/de\/produkt\/tag-standortbestimmung\/","title":{"rendered":"GPS Tracker DOG"},"content":{"rendered":"<p>Die Sicherheit Ihres Haustiers steht an erster Stelle \u2013 dank des GPS-Trackers haben Sie immer den \u00dcberblick dar\u00fcber, wo sich Ihr vierbeiniger Liebling befindet. Ob er im Garten umherstreift, durch den Wald spaziert oder unerwartet losrennt \u2013 verfolgen Sie seine Bewegungen in Echtzeit direkt von Ihrem Smartphone aus.<\/p>\n<p>Dank des 4G-Netzes bietet der Tracker eine schnelle Daten\u00fcbertragung ohne Ausf\u00e4lle, sodass Sie Ihr Haustier auch in dicht bebauten Gebieten und an Orten mit schlechtem Empfang problemlos finden k\u00f6nnen.<\/p>\n<p>Dieser leichte und kompakte Tracker l\u00e4sst sich einfach am Halsband befestigen, ist wasser- und staubdicht und bietet intelligente Funktionen zur besseren \u00dcberwachung Ihres Haustiers \u2013 darunter einen Alarm bei niedrigem Batteriestand, Licht- und Tonsuche oder Geofencing.<\/p>\n<p>*Eine SIM-Karte ist im Lieferumfang des Trackers enthalten.<\/p>\n","protected":false},"excerpt":{"rendered":"<p style=\"text-align: center;\">\u2713 Echtzeit-Tracking<\/p>\n<p style=\"text-align: center;\">\u2713 Routenverlauf<\/p>\n<p style=\"text-align: center;\">\u2713 IP67 wasserdicht<\/p>\n<p style=\"text-align: center;\">\u2713 Erweiterte Funktionen und einfache Installation<\/p>\n","protected":false},"featured_media":80639,"template":"","meta":{"_acf_changed":false},"product_brand":[],"product_cat":[55],"product_tag":[],"class_list":{"0":"post-3124","1":"product","2":"type-product","3":"status-publish","4":"has-post-thumbnail","6":"product_cat-pealock-de","8":"first","9":"outofstock","10":"sale","11":"taxable","12":"shipping-taxable","13":"purchasable","14":"product-type-variable","15":"has-default-attributes"},"acf":[],"_links":{"self":[{"href":"https:\/\/pealock.com\/de\/wp-json\/wp\/v2\/product\/3124","targetHints":{"allow":["GET"]}}],"collection":[{"href":"https:\/\/pealock.com\/de\/wp-json\/wp\/v2\/product"}],"about":[{"href":"https:\/\/pealock.com\/de\/wp-json\/wp\/v2\/types\/product"}],"version-history":[{"count":28,"href":"https:\/\/pealock.com\/de\/wp-json\/wp\/v2\/product\/3124\/revisions"}],"predecessor-version":[{"id":82395,"href":"https:\/\/pealock.com\/de\/wp-json\/wp\/v2\/product\/3124\/revisions\/82395"}],"wp:featuredmedia":[{"embeddable":true,"href":"https:\/\/pealock.com\/de\/wp-json\/wp\/v2\/media\/80639"}],"wp:attachment":[{"href":"https:\/\/pealock.com\/de\/wp-json\/wp\/v2\/media?parent=3124"}],"wp:term":[{"taxonomy":"product_brand","embeddable":true,"href":"https:\/\/pealock.com\/de\/wp-json\/wp\/v2\/product_brand?post=3124"},{"taxonomy":"product_cat","embeddable":true,"href":"https:\/\/pealock.com\/de\/wp-json\/wp\/v2\/product_cat?post=3124"},{"taxonomy":"product_tag","embeddable":true,"href":"https:\/\/pealock.com\/de\/wp-json\/wp\/v2\/product_tag?post=3124"}],"curies":[{"name":"wp","href":"https:\/\/api.w.org\/{rel}","templated":true}]}}