{"id":3080,"date":"2024-03-05T15:29:27","date_gmt":"2024-03-05T14:29:27","guid":{"rendered":"https:\/\/pealock.com\/product\/hulk-light-with-alarm\/"},"modified":"2025-10-02T13:01:50","modified_gmt":"2025-10-02T11:01:50","slug":"hulk-licht-mit-alarm","status":"publish","type":"product","link":"https:\/\/pealock.com\/de\/produkt\/hulk-licht-mit-alarm\/","title":{"rendered":"Hulk &#8211; licht mit alarm"},"content":{"rendered":"<p>Hulk versteckt 3 n\u00fctzliche Funktionen in einem Ger\u00e4t &#8211; es funktioniert als Fahrradr\u00fccklicht, inklusive einer automatischen Bremslichtfunktion und als lauter Sicherheitsalarm.<br \/>\nDie LED-Taschenlampe hat 4 Leuchtmodi.<\/p>\n","protected":false},"excerpt":{"rendered":"<p>\u2713 LED-R\u00fccklicht<\/p>\n<p>\u2713 bremslichtfunktion<\/p>\n<p>\u2713 bewegungssensor<\/p>\n<p>\u2713 120dB lauter Alarm<\/p>\n","protected":false},"featured_media":2285,"template":"","meta":{"_acf_changed":false},"product_brand":[],"product_cat":[120,51,55],"product_tag":[],"class_list":{"0":"post-3080","1":"product","2":"type-product","3":"status-publish","4":"has-post-thumbnail","6":"product_cat-b2b","7":"product_cat-b2b-partner-de","8":"product_cat-pealock-de","10":"first","11":"outofstock","12":"sale","13":"taxable","14":"shipping-taxable","15":"purchasable","16":"product-type-simple"},"acf":[],"_links":{"self":[{"href":"https:\/\/pealock.com\/de\/wp-json\/wp\/v2\/product\/3080","targetHints":{"allow":["GET"]}}],"collection":[{"href":"https:\/\/pealock.com\/de\/wp-json\/wp\/v2\/product"}],"about":[{"href":"https:\/\/pealock.com\/de\/wp-json\/wp\/v2\/types\/product"}],"version-history":[{"count":8,"href":"https:\/\/pealock.com\/de\/wp-json\/wp\/v2\/product\/3080\/revisions"}],"predecessor-version":[{"id":82375,"href":"https:\/\/pealock.com\/de\/wp-json\/wp\/v2\/product\/3080\/revisions\/82375"}],"wp:featuredmedia":[{"embeddable":true,"href":"https:\/\/pealock.com\/de\/wp-json\/wp\/v2\/media\/2285"}],"wp:attachment":[{"href":"https:\/\/pealock.com\/de\/wp-json\/wp\/v2\/media?parent=3080"}],"wp:term":[{"taxonomy":"product_brand","embeddable":true,"href":"https:\/\/pealock.com\/de\/wp-json\/wp\/v2\/product_brand?post=3080"},{"taxonomy":"product_cat","embeddable":true,"href":"https:\/\/pealock.com\/de\/wp-json\/wp\/v2\/product_cat?post=3080"},{"taxonomy":"product_tag","embeddable":true,"href":"https:\/\/pealock.com\/de\/wp-json\/wp\/v2\/product_tag?post=3080"}],"curies":[{"name":"wp","href":"https:\/\/api.w.org\/{rel}","templated":true}]}}