{"id":3043,"date":"2024-03-05T16:01:15","date_gmt":"2024-03-05T15:01:15","guid":{"rendered":"https:\/\/pealock.com\/product\/pealock-beast-chain-lock\/"},"modified":"2025-10-02T14:09:28","modified_gmt":"2025-10-02T12:09:28","slug":"beast-kettenschloss","status":"publish","type":"product","link":"https:\/\/pealock.com\/de\/produkt\/beast-kettenschloss\/","title":{"rendered":"Beast &#8211; Kettenschloss"},"content":{"rendered":"<p>Wenn es ein Kettenschloss ist, dann ist es Beast. Beast ist ein Qualit\u00e4tsschloss mit Sicherheitsalarm, das Ihr Eigentum jederzeit zuverl\u00e4ssig sch\u00fctzt. Dank der robusten Edelstahlkonstruktion und dem 120 dB lauten Alarm m\u00fcssen Sie sich keine Sorgen mehr machen, Ihr Fahrrad, Ihren Roller oder Ihr Motorrad unbeaufsichtigt zu lassen. Die \u00fcberragende Kettenl\u00e4nge erm\u00f6glicht es Ihnen, auch mehrere Ger\u00e4te gleichzeitig abzuschlie\u00dfen.<\/p>\n","protected":false},"excerpt":{"rendered":"<p style=\"text-align: center;\">\u2713 speziell geh\u00e4rteter rostfreier Stahl + Nylonh\u00fclle<\/p>\n<p style=\"text-align: center;\">\u2713 bewegungssensor<\/p>\n<p style=\"text-align: center;\">\u2713 120dB lauter Alarm<\/p>\n","protected":false},"featured_media":2300,"template":"","meta":{"_acf_changed":false},"product_brand":[],"product_cat":[120,55],"product_tag":[],"class_list":{"0":"post-3043","1":"product","2":"type-product","3":"status-publish","4":"has-post-thumbnail","6":"product_cat-b2b","7":"product_cat-pealock-de","9":"first","10":"outofstock","11":"sale","12":"taxable","13":"shipping-taxable","14":"purchasable","15":"product-type-simple"},"acf":[],"_links":{"self":[{"href":"https:\/\/pealock.com\/de\/wp-json\/wp\/v2\/product\/3043","targetHints":{"allow":["GET"]}}],"collection":[{"href":"https:\/\/pealock.com\/de\/wp-json\/wp\/v2\/product"}],"about":[{"href":"https:\/\/pealock.com\/de\/wp-json\/wp\/v2\/types\/product"}],"version-history":[{"count":14,"href":"https:\/\/pealock.com\/de\/wp-json\/wp\/v2\/product\/3043\/revisions"}],"predecessor-version":[{"id":82379,"href":"https:\/\/pealock.com\/de\/wp-json\/wp\/v2\/product\/3043\/revisions\/82379"}],"wp:featuredmedia":[{"embeddable":true,"href":"https:\/\/pealock.com\/de\/wp-json\/wp\/v2\/media\/2300"}],"wp:attachment":[{"href":"https:\/\/pealock.com\/de\/wp-json\/wp\/v2\/media?parent=3043"}],"wp:term":[{"taxonomy":"product_brand","embeddable":true,"href":"https:\/\/pealock.com\/de\/wp-json\/wp\/v2\/product_brand?post=3043"},{"taxonomy":"product_cat","embeddable":true,"href":"https:\/\/pealock.com\/de\/wp-json\/wp\/v2\/product_cat?post=3043"},{"taxonomy":"product_tag","embeddable":true,"href":"https:\/\/pealock.com\/de\/wp-json\/wp\/v2\/product_tag?post=3043"}],"curies":[{"name":"wp","href":"https:\/\/api.w.org\/{rel}","templated":true}]}}