{"id":3010,"date":"2024-03-05T15:55:33","date_gmt":"2024-03-05T14:55:33","guid":{"rendered":"https:\/\/pealock.com\/product\/pealock-optimus-folding-lock\/"},"modified":"2025-10-01T13:44:42","modified_gmt":"2025-10-01T11:44:42","slug":"optimus-faltschloss","status":"publish","type":"product","link":"https:\/\/pealock.com\/de\/produkt\/optimus-faltschloss\/","title":{"rendered":"Optimus &#8211; Faltschloss"},"content":{"rendered":"<p>Sch\u00fctzen Sie Ihre Sportausr\u00fcstung mit unserem zuverl\u00e4ssigen Optimus-Schloss vor Diebstahl. Dieses kompakte Faltschloss wurde im Hinblick auf Sicherheit, maximale Haltbarkeit und einfache Handhabung entwickelt. Das Schloss verf\u00fcgt au\u00dferdem \u00fcber einen 120 dB lauten Sicherheitsalarm, der bei unerw\u00fcnschter Bewegung automatisch ausgel\u00f6st wird. Wenn Sie also ein Schloss f\u00fcr Ihr Fahrrad, Ihren Roller oder Ihr Motorrad suchen, ist Optimus die richtige Wahl.<\/p>\n","protected":false},"excerpt":{"rendered":"<p style=\"text-align: center;\">\u2713 schlossk\u00f6rper aus Manganstahl<\/p>\n<p style=\"text-align: center;\">\u2713 120dB lauter Alarm<\/p>\n<p style=\"text-align: center;\">\u2713 bewegungssensor<\/p>\n","protected":false},"featured_media":2295,"template":"","meta":{"_acf_changed":false},"product_brand":[],"product_cat":[120,55],"product_tag":[],"class_list":{"0":"post-3010","1":"product","2":"type-product","3":"status-publish","4":"has-post-thumbnail","6":"product_cat-b2b","7":"product_cat-pealock-de","9":"first","10":"instock","11":"sale","12":"taxable","13":"shipping-taxable","14":"purchasable","15":"product-type-simple"},"acf":[],"_links":{"self":[{"href":"https:\/\/pealock.com\/de\/wp-json\/wp\/v2\/product\/3010","targetHints":{"allow":["GET"]}}],"collection":[{"href":"https:\/\/pealock.com\/de\/wp-json\/wp\/v2\/product"}],"about":[{"href":"https:\/\/pealock.com\/de\/wp-json\/wp\/v2\/types\/product"}],"version-history":[{"count":11,"href":"https:\/\/pealock.com\/de\/wp-json\/wp\/v2\/product\/3010\/revisions"}],"predecessor-version":[{"id":82342,"href":"https:\/\/pealock.com\/de\/wp-json\/wp\/v2\/product\/3010\/revisions\/82342"}],"wp:featuredmedia":[{"embeddable":true,"href":"https:\/\/pealock.com\/de\/wp-json\/wp\/v2\/media\/2295"}],"wp:attachment":[{"href":"https:\/\/pealock.com\/de\/wp-json\/wp\/v2\/media?parent=3010"}],"wp:term":[{"taxonomy":"product_brand","embeddable":true,"href":"https:\/\/pealock.com\/de\/wp-json\/wp\/v2\/product_brand?post=3010"},{"taxonomy":"product_cat","embeddable":true,"href":"https:\/\/pealock.com\/de\/wp-json\/wp\/v2\/product_cat?post=3010"},{"taxonomy":"product_tag","embeddable":true,"href":"https:\/\/pealock.com\/de\/wp-json\/wp\/v2\/product_tag?post=3010"}],"curies":[{"name":"wp","href":"https:\/\/api.w.org\/{rel}","templated":true}]}}