{"id":2977,"date":"2024-03-05T15:50:18","date_gmt":"2024-03-05T14:50:18","guid":{"rendered":"https:\/\/pealock.com\/product\/pealock-hellcat-u-shaped-lock\/"},"modified":"2025-10-01T13:46:39","modified_gmt":"2025-10-01T11:46:39","slug":"hellcat-u-foermiges-schloss","status":"publish","type":"product","link":"https:\/\/pealock.com\/de\/produkt\/hellcat-u-foermiges-schloss\/","title":{"rendered":"Hellcat &#8211; U-f\u00f6rmiges Schloss"},"content":{"rendered":"<p>Suchen Sie nach einer einfachen, aber effektiven M\u00f6glichkeit, Ihre Ger\u00e4te vor Diebstahl zu sch\u00fctzen? Dann ist Hellcat die beste L\u00f6sung f\u00fcr Sie. Die markante Schlossform erm\u00f6glicht es Ihnen, Ihr Fahrrad oder Ihren Roller an einem stabilen Gegenstand wie einem Gep\u00e4cktr\u00e4ger, Pfosten oder Gel\u00e4nder zu befestigen. Das Schloss ist wasserdicht und verf\u00fcgt \u00fcber einen 120-dB-Sicherheitsalarm. Diese Art von Schloss ist wegen seines minimalistischen Designs, seiner Zuverl\u00e4ssigkeit und seiner Benutzerfreundlichkeit beliebt.<\/p>\n","protected":false},"excerpt":{"rendered":"<p style=\"text-align: center;\">\u2713 14 mm geh\u00e4rteter Stahl, hartmetallverst\u00e4rkt<\/p>\n<p style=\"text-align: center;\">\u2713 bewegungsmelder<\/p>\n<p style=\"text-align: center;\">\u2713 120dB lauter Alarm<\/p>\n","protected":false},"featured_media":2290,"template":"","meta":{"_acf_changed":false},"product_brand":[],"product_cat":[120,55],"product_tag":[],"class_list":{"0":"post-2977","1":"product","2":"type-product","3":"status-publish","4":"has-post-thumbnail","6":"product_cat-b2b","7":"product_cat-pealock-de","9":"first","10":"instock","11":"sale","12":"taxable","13":"shipping-taxable","14":"purchasable","15":"product-type-simple"},"acf":[],"_links":{"self":[{"href":"https:\/\/pealock.com\/de\/wp-json\/wp\/v2\/product\/2977","targetHints":{"allow":["GET"]}}],"collection":[{"href":"https:\/\/pealock.com\/de\/wp-json\/wp\/v2\/product"}],"about":[{"href":"https:\/\/pealock.com\/de\/wp-json\/wp\/v2\/types\/product"}],"version-history":[{"count":18,"href":"https:\/\/pealock.com\/de\/wp-json\/wp\/v2\/product\/2977\/revisions"}],"predecessor-version":[{"id":82348,"href":"https:\/\/pealock.com\/de\/wp-json\/wp\/v2\/product\/2977\/revisions\/82348"}],"wp:featuredmedia":[{"embeddable":true,"href":"https:\/\/pealock.com\/de\/wp-json\/wp\/v2\/media\/2290"}],"wp:attachment":[{"href":"https:\/\/pealock.com\/de\/wp-json\/wp\/v2\/media?parent=2977"}],"wp:term":[{"taxonomy":"product_brand","embeddable":true,"href":"https:\/\/pealock.com\/de\/wp-json\/wp\/v2\/product_brand?post=2977"},{"taxonomy":"product_cat","embeddable":true,"href":"https:\/\/pealock.com\/de\/wp-json\/wp\/v2\/product_cat?post=2977"},{"taxonomy":"product_tag","embeddable":true,"href":"https:\/\/pealock.com\/de\/wp-json\/wp\/v2\/product_tag?post=2977"}],"curies":[{"name":"wp","href":"https:\/\/api.w.org\/{rel}","templated":true}]}}