{"id":2838,"date":"2024-03-06T07:22:03","date_gmt":"2024-03-06T06:22:03","guid":{"rendered":"https:\/\/pealock.com\/product\/pealock-2-electronic-lock\/"},"modified":"2025-02-27T11:21:19","modified_gmt":"2025-02-27T10:21:19","slug":"pealock-2-elektronisches-schloss","status":"publish","type":"product","link":"https:\/\/pealock.com\/de\/produkt\/pealock-2-elektronisches-schloss\/","title":{"rendered":"Pealock 2 \u2013 Elektronisches Schloss"},"content":{"rendered":"<p>Pealock is ein Smartschloss f\u00fcr Ihre Sportaustr\u00fcstung. Es ist multifunktional und leicht transportierbar. Sie k\u00f6nnen es einfach in die Tasche Ihres Fahrradtrikots oder Ihre Skijacke packen und es jederzeit greifbar haben.<\/p>\n<p>Pealock funktioniert nur in EU-L\u00e4ndern.<\/p>\n","protected":false},"excerpt":{"rendered":"<p style=\"text-align: center;\">\u2713 ger\u00e4teversicherung mit wenigen Klicks<\/p>\n<p style=\"text-align: center;\">\u2713 vollbild-Benachrichtigungen<\/p>\n<p style=\"text-align: center;\">\u2713 GPS-Ortung<\/p>\n","protected":false},"featured_media":2675,"template":"","meta":{"_acf_changed":false},"product_brand":[],"product_cat":[120,51,55],"product_tag":[],"class_list":{"0":"post-2838","1":"product","2":"type-product","3":"status-publish","4":"has-post-thumbnail","6":"product_cat-b2b","7":"product_cat-b2b-partner-de","8":"product_cat-pealock-de","10":"first","11":"outofstock","12":"sale","13":"taxable","14":"shipping-taxable","15":"purchasable","16":"product-type-variable","17":"has-default-attributes"},"acf":[],"_links":{"self":[{"href":"https:\/\/pealock.com\/de\/wp-json\/wp\/v2\/product\/2838","targetHints":{"allow":["GET"]}}],"collection":[{"href":"https:\/\/pealock.com\/de\/wp-json\/wp\/v2\/product"}],"about":[{"href":"https:\/\/pealock.com\/de\/wp-json\/wp\/v2\/types\/product"}],"version-history":[{"count":38,"href":"https:\/\/pealock.com\/de\/wp-json\/wp\/v2\/product\/2838\/revisions"}],"predecessor-version":[{"id":80525,"href":"https:\/\/pealock.com\/de\/wp-json\/wp\/v2\/product\/2838\/revisions\/80525"}],"wp:featuredmedia":[{"embeddable":true,"href":"https:\/\/pealock.com\/de\/wp-json\/wp\/v2\/media\/2675"}],"wp:attachment":[{"href":"https:\/\/pealock.com\/de\/wp-json\/wp\/v2\/media?parent=2838"}],"wp:term":[{"taxonomy":"product_brand","embeddable":true,"href":"https:\/\/pealock.com\/de\/wp-json\/wp\/v2\/product_brand?post=2838"},{"taxonomy":"product_cat","embeddable":true,"href":"https:\/\/pealock.com\/de\/wp-json\/wp\/v2\/product_cat?post=2838"},{"taxonomy":"product_tag","embeddable":true,"href":"https:\/\/pealock.com\/de\/wp-json\/wp\/v2\/product_tag?post=2838"}],"curies":[{"name":"wp","href":"https:\/\/api.w.org\/{rel}","templated":true}]}}