{"id":1563,"date":"2024-03-04T19:07:00","date_gmt":"2024-03-04T18:07:00","guid":{"rendered":"https:\/\/pealock.com\/product\/pealock-netzwerk-adapter\/"},"modified":"2024-03-06T18:21:39","modified_gmt":"2024-03-06T17:21:39","slug":"pealock-netzwerk-adapter","status":"publish","type":"product","link":"https:\/\/pealock.com\/de\/produkt\/pealock-netzwerk-adapter\/","title":{"rendered":"Pealock Netzwerk Adapter"},"content":{"rendered":"<p>Pealock Universal-Ladeger\u00e4t, Eingang: 100 V \u2013 240 V, 50\u201360 Hz 0,35 A. Ausgang: USB-C 5 V \/ 2,4 A, 9 V \/ 1,8 A, 12 V \/ 1,2 A. Kurzschluss-, \u00dcberspannungsschutz, \u00dcberlastung und \u00dcberhitzung. Kabel nicht im Lieferumfang enthalten. Schwarz.<\/p>\n","protected":false},"excerpt":{"rendered":"<p>Pealock Universal-Ladeger\u00e4t, Eingang: 100 V \u2013 240 V, 50\u201360 Hz 0,35 A. Ausgang: USB-C 5 V \/ 2,4 A, 9 V \/ 1,8 A, 12 V \/ 1,2 A. Kurzschluss-, \u00dcberspannungsschutz, \u00dcberlastung und \u00dcberhitzung. Kabel nicht im Lieferumfang enthalten. Schwarz.<\/p>\n","protected":false},"featured_media":1556,"template":"","meta":{"_acf_changed":false},"product_brand":[],"product_cat":[120,46],"product_tag":[],"class_list":{"0":"post-1563","1":"product","2":"type-product","3":"status-publish","4":"has-post-thumbnail","6":"product_cat-b2b","7":"product_cat-zubehoer","9":"first","10":"instock","11":"taxable","12":"shipping-taxable","13":"purchasable","14":"product-type-simple"},"acf":[],"_links":{"self":[{"href":"https:\/\/pealock.com\/de\/wp-json\/wp\/v2\/product\/1563","targetHints":{"allow":["GET"]}}],"collection":[{"href":"https:\/\/pealock.com\/de\/wp-json\/wp\/v2\/product"}],"about":[{"href":"https:\/\/pealock.com\/de\/wp-json\/wp\/v2\/types\/product"}],"version-history":[{"count":4,"href":"https:\/\/pealock.com\/de\/wp-json\/wp\/v2\/product\/1563\/revisions"}],"predecessor-version":[{"id":1994,"href":"https:\/\/pealock.com\/de\/wp-json\/wp\/v2\/product\/1563\/revisions\/1994"}],"wp:featuredmedia":[{"embeddable":true,"href":"https:\/\/pealock.com\/de\/wp-json\/wp\/v2\/media\/1556"}],"wp:attachment":[{"href":"https:\/\/pealock.com\/de\/wp-json\/wp\/v2\/media?parent=1563"}],"wp:term":[{"taxonomy":"product_brand","embeddable":true,"href":"https:\/\/pealock.com\/de\/wp-json\/wp\/v2\/product_brand?post=1563"},{"taxonomy":"product_cat","embeddable":true,"href":"https:\/\/pealock.com\/de\/wp-json\/wp\/v2\/product_cat?post=1563"},{"taxonomy":"product_tag","embeddable":true,"href":"https:\/\/pealock.com\/de\/wp-json\/wp\/v2\/product_tag?post=1563"}],"curies":[{"name":"wp","href":"https:\/\/api.w.org\/{rel}","templated":true}]}}