{"id":1398,"date":"2024-02-25T09:08:39","date_gmt":"2024-02-25T08:08:39","guid":{"rendered":"https:\/\/pealock.com\/product\/pealock-saddle-bag\/"},"modified":"2025-04-26T06:45:24","modified_gmt":"2025-04-26T04:45:24","slug":"pealock-satteltasche","status":"publish","type":"product","link":"https:\/\/pealock.com\/de\/produkt\/pealock-satteltasche\/","title":{"rendered":"Pealock Satteltasche"},"content":{"rendered":"<p>Eine Satteltasche ist ideal um das Pealock-Schloss w\u00e4hrend der Fahrt zu verstauen. Au\u00dferdem ist Platz f\u00fcr weiteres Equipment. Die innere Netztasche eignet sich zum Aufbewahren von Bargeld oder kleinen Gegenst\u00e4nden. Die Befestigung unter dem Fahrradsitz wird mit drei Klettb\u00e4ndern gesichert.<br \/>\nReflektierende Elemente an den Seiten erh\u00f6hen die Sichtbarkeit bei schlechten Lichtverh\u00e4ltnissen. Die Tasche besteht aus einem strapazierf\u00e4higen Material, das eine lange Lebensdauer gew\u00e4hrleistet. Dank der speziellen Oberfl\u00e4chenbehandlung und wasserdichten Rei\u00dfverschl\u00fcssen wird Ihnen auch Regenwetter nichts anhaben.<\/p>\n<p>Volumen: 0.5 L<br \/>\nGewicht: 113 G<br \/>\nMa\u00dfe: 21.5 x 8.5 x 8 cm<\/p>\n","protected":false},"excerpt":{"rendered":"<p>Eine Satteltasche ist ideal um das Pealock-Schloss w\u00e4hrend der Fahrt zu verstauen. Au\u00dferdem ist Platz f\u00fcr weiteres Equipment. Die innere Netztasche eignet sich zum Aufbewahren von Bargeld oder kleinen Gegenst\u00e4nden. Die Befestigung unter dem Fahrradsitz wird mit drei Klettb\u00e4ndern gesichert.<br \/>\nReflektierende Elemente an den Seiten erh\u00f6hen die Sichtbarkeit bei schlechten Lichtverh\u00e4ltnissen. Die Tasche besteht aus einem strapazierf\u00e4higen Material, das eine lange Lebensdauer gew\u00e4hrleistet. Dank der speziellen Oberfl\u00e4chenbehandlung und wasserdichten Rei\u00dfverschl\u00fcssen wird Ihnen auch Regenwetter nichts anhaben.<\/p>\n<p>Volumen: 0.5 L<br \/>\nGewicht: 113 G<br \/>\nMa\u00dfe: 21.5 x 8.5 x 8 cm<\/p>\n","protected":false},"featured_media":1366,"template":"","meta":{"_acf_changed":false},"product_brand":[],"product_cat":[120,46],"product_tag":[],"class_list":{"0":"post-1398","1":"product","2":"type-product","3":"status-publish","4":"has-post-thumbnail","6":"product_cat-b2b","7":"product_cat-zubehoer","9":"first","10":"instock","11":"taxable","12":"shipping-taxable","13":"purchasable","14":"product-type-simple"},"acf":[],"_links":{"self":[{"href":"https:\/\/pealock.com\/de\/wp-json\/wp\/v2\/product\/1398","targetHints":{"allow":["GET"]}}],"collection":[{"href":"https:\/\/pealock.com\/de\/wp-json\/wp\/v2\/product"}],"about":[{"href":"https:\/\/pealock.com\/de\/wp-json\/wp\/v2\/types\/product"}],"version-history":[{"count":2,"href":"https:\/\/pealock.com\/de\/wp-json\/wp\/v2\/product\/1398\/revisions"}],"predecessor-version":[{"id":1989,"href":"https:\/\/pealock.com\/de\/wp-json\/wp\/v2\/product\/1398\/revisions\/1989"}],"wp:featuredmedia":[{"embeddable":true,"href":"https:\/\/pealock.com\/de\/wp-json\/wp\/v2\/media\/1366"}],"wp:attachment":[{"href":"https:\/\/pealock.com\/de\/wp-json\/wp\/v2\/media?parent=1398"}],"wp:term":[{"taxonomy":"product_brand","embeddable":true,"href":"https:\/\/pealock.com\/de\/wp-json\/wp\/v2\/product_brand?post=1398"},{"taxonomy":"product_cat","embeddable":true,"href":"https:\/\/pealock.com\/de\/wp-json\/wp\/v2\/product_cat?post=1398"},{"taxonomy":"product_tag","embeddable":true,"href":"https:\/\/pealock.com\/de\/wp-json\/wp\/v2\/product_tag?post=1398"}],"curies":[{"name":"wp","href":"https:\/\/api.w.org\/{rel}","templated":true}]}}