{"id":1340,"date":"2024-02-24T20:36:44","date_gmt":"2024-02-24T19:36:44","guid":{"rendered":"https:\/\/pealock.com\/product\/nfc-wristband\/"},"modified":"2025-12-16T16:58:07","modified_gmt":"2025-12-16T15:58:07","slug":"nfc-armband","status":"publish","type":"product","link":"https:\/\/pealock.com\/de\/produkt\/nfc-armband\/","title":{"rendered":"NFC Armband"},"content":{"rendered":"<p>Bevorzugen Sie ein leichtes und bequemes Armband anstelle einer NFC-Karte? Sie k\u00f6nnen Pealock bis zu 5 NFC-Schl\u00fcsselanh\u00e4nger \/ Karten \/ Armb\u00e4nder hinzuf\u00fcgen.<\/p>\n<p>Nur in schwarz mit Pealock-Logo. Das NFC-Armband dient zum Entriegeln \/ Verriegeln des Pealock.<\/p>\n<p>Material: Textil<\/p>\n","protected":false},"excerpt":{"rendered":"<p>Bevorzugen Sie ein leichtes und bequemes Armband anstelle einer NFC-Karte? Sie k\u00f6nnen Pealock bis zu 5 NFC-Schl\u00fcsselanh\u00e4nger \/ Karten \/ Armb\u00e4nder hinzuf\u00fcgen.<\/p>\n<p>Nur in schwarz mit Pealock-Logo. Das NFC-Armband dient zum Entriegeln \/ Verriegeln des Pealock.<\/p>\n<p>Material: Textil<\/p>\n","protected":false},"featured_media":1333,"template":"","meta":{"_acf_changed":false},"product_brand":[],"product_cat":[120,46],"product_tag":[],"class_list":{"0":"post-1340","1":"product","2":"type-product","3":"status-publish","4":"has-post-thumbnail","6":"product_cat-b2b","7":"product_cat-zubehoer","9":"first","10":"instock","11":"taxable","12":"shipping-taxable","13":"purchasable","14":"product-type-simple"},"acf":[],"_links":{"self":[{"href":"https:\/\/pealock.com\/de\/wp-json\/wp\/v2\/product\/1340","targetHints":{"allow":["GET"]}}],"collection":[{"href":"https:\/\/pealock.com\/de\/wp-json\/wp\/v2\/product"}],"about":[{"href":"https:\/\/pealock.com\/de\/wp-json\/wp\/v2\/types\/product"}],"version-history":[{"count":3,"href":"https:\/\/pealock.com\/de\/wp-json\/wp\/v2\/product\/1340\/revisions"}],"predecessor-version":[{"id":1979,"href":"https:\/\/pealock.com\/de\/wp-json\/wp\/v2\/product\/1340\/revisions\/1979"}],"wp:featuredmedia":[{"embeddable":true,"href":"https:\/\/pealock.com\/de\/wp-json\/wp\/v2\/media\/1333"}],"wp:attachment":[{"href":"https:\/\/pealock.com\/de\/wp-json\/wp\/v2\/media?parent=1340"}],"wp:term":[{"taxonomy":"product_brand","embeddable":true,"href":"https:\/\/pealock.com\/de\/wp-json\/wp\/v2\/product_brand?post=1340"},{"taxonomy":"product_cat","embeddable":true,"href":"https:\/\/pealock.com\/de\/wp-json\/wp\/v2\/product_cat?post=1340"},{"taxonomy":"product_tag","embeddable":true,"href":"https:\/\/pealock.com\/de\/wp-json\/wp\/v2\/product_tag?post=1340"}],"curies":[{"name":"wp","href":"https:\/\/api.w.org\/{rel}","templated":true}]}}