{"id":1323,"date":"2024-02-19T21:33:06","date_gmt":"2024-02-19T20:33:06","guid":{"rendered":"https:\/\/pealock.com\/product\/nfc-keychain\/"},"modified":"2025-12-16T16:58:07","modified_gmt":"2025-12-16T15:58:07","slug":"nfc-schluesselanhaenger","status":"publish","type":"product","link":"https:\/\/pealock.com\/de\/produkt\/nfc-schluesselanhaenger\/","title":{"rendered":"NFC Schl\u00fcsselanh\u00e4nger"},"content":{"rendered":"<p>Bevorzugen Sie einen Schl\u00fcsselbund anstelle einer NFC-Karte? Sie k\u00f6nnen Pealock bis zu 5 NFC-Schl\u00fcsselanh\u00e4nger \/ -karten hinzuf\u00fcgen.<\/p>\n<p>Nur schwarz mit Pealock-Logo. Der NFC-Schl\u00fcsselanh\u00e4nger wird zum Entsperren \/ Sperren des Pealock verwendet.<\/p>\n","protected":false},"excerpt":{"rendered":"<p>Bevorzugen Sie einen Schl\u00fcsselbund anstelle einer NFC-Karte? Sie k\u00f6nnen Pealock bis zu 5 NFC-Schl\u00fcsselanh\u00e4nger \/ -karten hinzuf\u00fcgen.<\/p>\n<p>Nur schwarz mit Pealock-Logo. Der NFC-Schl\u00fcsselanh\u00e4nger wird zum Entsperren \/ Sperren des Pealock verwendet.<\/p>\n","protected":false},"featured_media":1304,"template":"","meta":{"_acf_changed":false},"product_brand":[],"product_cat":[120,46],"product_tag":[],"class_list":{"0":"post-1323","1":"product","2":"type-product","3":"status-publish","4":"has-post-thumbnail","6":"product_cat-b2b","7":"product_cat-zubehoer","9":"first","10":"instock","11":"taxable","12":"shipping-taxable","13":"purchasable","14":"product-type-simple"},"acf":[],"_links":{"self":[{"href":"https:\/\/pealock.com\/de\/wp-json\/wp\/v2\/product\/1323","targetHints":{"allow":["GET"]}}],"collection":[{"href":"https:\/\/pealock.com\/de\/wp-json\/wp\/v2\/product"}],"about":[{"href":"https:\/\/pealock.com\/de\/wp-json\/wp\/v2\/types\/product"}],"version-history":[{"count":2,"href":"https:\/\/pealock.com\/de\/wp-json\/wp\/v2\/product\/1323\/revisions"}],"predecessor-version":[{"id":1973,"href":"https:\/\/pealock.com\/de\/wp-json\/wp\/v2\/product\/1323\/revisions\/1973"}],"wp:featuredmedia":[{"embeddable":true,"href":"https:\/\/pealock.com\/de\/wp-json\/wp\/v2\/media\/1304"}],"wp:attachment":[{"href":"https:\/\/pealock.com\/de\/wp-json\/wp\/v2\/media?parent=1323"}],"wp:term":[{"taxonomy":"product_brand","embeddable":true,"href":"https:\/\/pealock.com\/de\/wp-json\/wp\/v2\/product_brand?post=1323"},{"taxonomy":"product_cat","embeddable":true,"href":"https:\/\/pealock.com\/de\/wp-json\/wp\/v2\/product_cat?post=1323"},{"taxonomy":"product_tag","embeddable":true,"href":"https:\/\/pealock.com\/de\/wp-json\/wp\/v2\/product_tag?post=1323"}],"curies":[{"name":"wp","href":"https:\/\/api.w.org\/{rel}","templated":true}]}}