{"id":81495,"date":"2025-08-21T12:54:06","date_gmt":"2025-08-21T10:54:06","guid":{"rendered":"https:\/\/pealock.com\/?post_type=product&#038;p=81495"},"modified":"2025-10-16T15:19:22","modified_gmt":"2025-10-16T13:19:22","slug":"gps-tracker-uni","status":"publish","type":"product","link":"https:\/\/pealock.com\/cs\/produkt\/gps-tracker-uni\/","title":{"rendered":"GPS Tracker UNI"},"content":{"rendered":"<p>M\u011bjte sv\u016fj majetek pod kontrolou 24\/7<b><br \/>\n<\/b>Hled\u00e1te bezpe\u010dn\u00e9 a efektivn\u00ed \u0159e\u0161en\u00ed pro sledov\u00e1n\u00ed va\u0161eho auta, d\u00edt\u011bte, motocyklu, karavanu nebo jin\u00e9ho cenn\u00e9ho majetku?\u00a0GPS tracker\u00a0v\u00e1m poskytne\u00a0p\u0159esnou polohu v re\u00e1ln\u00e9m \u010dase, historii tras i pokro\u010dil\u00e9 bezpe\u010dnostn\u00ed funkce. S podporou\u00a04G s\u00edt\u011b a du\u00e1ln\u00ed satelitn\u00ed lokalizace\u00a0m\u00e1te jistotu, \u017ee v\u017edy v\u00edte, kde se V\u00e1\u0161 tracker nach\u00e1z\u00ed.<\/p>\n<p>*SIM karta je sou\u010d\u00e1st\u00ed trackeru ji\u017e z v\u00fdroby.<\/p>\n","protected":false},"excerpt":{"rendered":"<p style=\"text-align: center;\">\u2713 sledov\u00e1n\u00ed v re\u00e1ln\u00e9m \u010dase<\/p>\n<p style=\"text-align: center;\">\u2713 z\u00e1znam historie tras<\/p>\n<p style=\"text-align: center;\">\u2713 vod\u011bodolnost IP65<\/p>\n<p style=\"text-align: center;\">\u2713 p\u0159ipevn\u011bn\u00ed na magnet<\/p>\n<p style=\"text-align: center;\">\n","protected":false},"featured_media":81913,"template":"","meta":{"_acf_changed":false},"product_brand":[],"product_cat":[119,54],"product_tag":[],"class_list":{"0":"post-81495","1":"product","2":"type-product","3":"status-publish","4":"has-post-thumbnail","6":"product_cat-b2b","7":"product_cat-pealock-cs","9":"first","10":"outofstock","11":"sale","12":"taxable","13":"shipping-taxable","14":"purchasable","15":"product-type-simple"},"acf":[],"_links":{"self":[{"href":"https:\/\/pealock.com\/cs\/wp-json\/wp\/v2\/product\/81495","targetHints":{"allow":["GET"]}}],"collection":[{"href":"https:\/\/pealock.com\/cs\/wp-json\/wp\/v2\/product"}],"about":[{"href":"https:\/\/pealock.com\/cs\/wp-json\/wp\/v2\/types\/product"}],"version-history":[{"count":55,"href":"https:\/\/pealock.com\/cs\/wp-json\/wp\/v2\/product\/81495\/revisions"}],"predecessor-version":[{"id":82440,"href":"https:\/\/pealock.com\/cs\/wp-json\/wp\/v2\/product\/81495\/revisions\/82440"}],"wp:featuredmedia":[{"embeddable":true,"href":"https:\/\/pealock.com\/cs\/wp-json\/wp\/v2\/media\/81913"}],"wp:attachment":[{"href":"https:\/\/pealock.com\/cs\/wp-json\/wp\/v2\/media?parent=81495"}],"wp:term":[{"taxonomy":"product_brand","embeddable":true,"href":"https:\/\/pealock.com\/cs\/wp-json\/wp\/v2\/product_brand?post=81495"},{"taxonomy":"product_cat","embeddable":true,"href":"https:\/\/pealock.com\/cs\/wp-json\/wp\/v2\/product_cat?post=81495"},{"taxonomy":"product_tag","embeddable":true,"href":"https:\/\/pealock.com\/cs\/wp-json\/wp\/v2\/product_tag?post=81495"}],"curies":[{"name":"wp","href":"https:\/\/api.w.org\/{rel}","templated":true}]}}