{"id":81450,"date":"2025-09-19T15:45:30","date_gmt":"2025-09-19T13:45:30","guid":{"rendered":"https:\/\/pealock.com\/?post_type=product&#038;p=81450"},"modified":"2025-12-05T16:23:38","modified_gmt":"2025-12-05T15:23:38","slug":"gps-tracker-pealock-drive","status":"publish","type":"product","link":"https:\/\/pealock.com\/cs\/produkt\/gps-tracker-pealock-drive\/","title":{"rendered":"GPS Tracker DRIVE"},"content":{"rendered":"<p>GPS tracker je v\u00fdkonn\u00e9 sledovac\u00ed za\u0159\u00edzen\u00ed navr\u017een\u00e9 pro dlouhodob\u00e9 monitorov\u00e1n\u00ed vozidel, stavebn\u00edch stroj\u016f, ale i nap\u0159\u00edklad lod\u00ed a kontejner\u016f. D\u00edky siln\u00fdm magnet\u016fm jej lze snadno a rychle upevnit bez nutnosti slo\u017eit\u00e9 instalace.\u00a0Za\u0159\u00edzen\u00ed vyu\u017e\u00edv\u00e1 GPS + BDS du\u00e1ln\u00ed satelitn\u00ed syst\u00e9m, co\u017e zaji\u0161\u0165uje vysoce p\u0159esn\u00e9 sledov\u00e1n\u00ed s p\u0159esnost\u00ed pod 10 metr\u016f. D\u00edky podpo\u0159e 4G LTE s\u00edt\u011b poskytuje rychlou a stabiln\u00ed komunikaci. S bateri\u00ed o kapacit\u011b a\u017e 10 000 mAh umo\u017e\u0148uje dlouhou v\u00fddr\u017e bez nutnosti \u010dast\u00e9ho nab\u00edjen\u00ed.<\/p>\n<p>*SIM karta je sou\u010d\u00e1st\u00ed trackeru ji\u017e z v\u00fdroby.<\/p>\n","protected":false},"excerpt":{"rendered":"<p style=\"text-align: center;\">\u2713 dlouh\u00e1 v\u00fddr\u017e baterie<\/p>\n<p style=\"text-align: center;\">\u2713 historie tras<\/p>\n<p style=\"text-align: center;\">\u2713 vod\u011bodolnost IP67<\/p>\n<p style=\"text-align: center;\">\u2713 Sledov\u00e1n\u00ed v re\u00e1ln\u00e9m \u010dase<\/p>\n","protected":false},"featured_media":81902,"template":"","meta":{"_acf_changed":false},"product_brand":[],"product_cat":[54],"product_tag":[],"class_list":{"0":"post-81450","1":"product","2":"type-product","3":"status-publish","4":"has-post-thumbnail","6":"product_cat-pealock-cs","8":"first","9":"outofstock","10":"sale","11":"taxable","12":"shipping-taxable","13":"purchasable","14":"product-type-simple"},"acf":[],"_links":{"self":[{"href":"https:\/\/pealock.com\/cs\/wp-json\/wp\/v2\/product\/81450","targetHints":{"allow":["GET"]}}],"collection":[{"href":"https:\/\/pealock.com\/cs\/wp-json\/wp\/v2\/product"}],"about":[{"href":"https:\/\/pealock.com\/cs\/wp-json\/wp\/v2\/types\/product"}],"version-history":[{"count":42,"href":"https:\/\/pealock.com\/cs\/wp-json\/wp\/v2\/product\/81450\/revisions"}],"predecessor-version":[{"id":82439,"href":"https:\/\/pealock.com\/cs\/wp-json\/wp\/v2\/product\/81450\/revisions\/82439"}],"wp:featuredmedia":[{"embeddable":true,"href":"https:\/\/pealock.com\/cs\/wp-json\/wp\/v2\/media\/81902"}],"wp:attachment":[{"href":"https:\/\/pealock.com\/cs\/wp-json\/wp\/v2\/media?parent=81450"}],"wp:term":[{"taxonomy":"product_brand","embeddable":true,"href":"https:\/\/pealock.com\/cs\/wp-json\/wp\/v2\/product_brand?post=81450"},{"taxonomy":"product_cat","embeddable":true,"href":"https:\/\/pealock.com\/cs\/wp-json\/wp\/v2\/product_cat?post=81450"},{"taxonomy":"product_tag","embeddable":true,"href":"https:\/\/pealock.com\/cs\/wp-json\/wp\/v2\/product_tag?post=81450"}],"curies":[{"name":"wp","href":"https:\/\/api.w.org\/{rel}","templated":true}]}}