{"id":81379,"date":"2025-08-14T01:54:47","date_gmt":"2025-08-13T23:54:47","guid":{"rendered":"https:\/\/pealock.com\/?post_type=product&#038;p=81379"},"modified":"2025-08-19T13:22:47","modified_gmt":"2025-08-19T11:22:47","slug":"obojky","status":"publish","type":"product","link":"https:\/\/pealock.com\/cs\/produkt\/obojky\/","title":{"rendered":"Obojky &#8211; Tracker DOG"},"content":{"rendered":"<p>Stylov\u00fd a odoln\u00fd obojek navr\u017een\u00fd p\u0159\u00edmo pro pou\u017eit\u00ed s GPS trackerem va\u0161eho mazl\u00ed\u010dka. D\u00edky integrovan\u00e9mu upev\u0148ovac\u00edmu syst\u00e9mu dr\u017e\u00ed tracker pevn\u011b na m\u00edst\u011b, ani\u017e by zv\u00ed\u0159e omezoval v pohybu. Vyroben z pevn\u00fdch, ale pohodln\u00fdch materi\u00e1l\u016f, je \u0161etrn\u00fd k srsti a odoln\u00fd v\u016f\u010di vod\u011b i ne\u010distot\u00e1m. Nastaviteln\u00e1 d\u00e9lka zajist\u00ed perfektn\u00ed padnut\u00ed pro psy v\u0161ech velikost\u00ed, zat\u00edmco pevn\u00e1 spona zaru\u010d\u00ed bezpe\u010dn\u00e9 zapnut\u00ed. Ide\u00e1ln\u00ed dopln\u011bk pro spolehliv\u00e9 sledov\u00e1n\u00ed va\u0161eho \u010dty\u0159noh\u00e9ho p\u0159\u00edtele p\u0159i ka\u017ed\u00e9m dobrodru\u017estv\u00ed.<\/p>\n","protected":false},"excerpt":{"rendered":"<p>Stylov\u00fd a odoln\u00fd obojek navr\u017een\u00fd p\u0159\u00edmo pro pou\u017eit\u00ed s GPS trackerem va\u0161eho mazl\u00ed\u010dka. D\u00edky integrovan\u00e9mu upev\u0148ovac\u00edmu syst\u00e9mu dr\u017e\u00ed tracker pevn\u011b na m\u00edst\u011b, ani\u017e by zv\u00ed\u0159e omezoval v pohybu. Vyroben z pevn\u00fdch, ale pohodln\u00fdch materi\u00e1l\u016f, je \u0161etrn\u00fd k srsti a odoln\u00fd v\u016f\u010di vod\u011b i ne\u010distot\u00e1m. Nastaviteln\u00e1 d\u00e9lka zajist\u00ed perfektn\u00ed padnut\u00ed pro psy v\u0161ech velikost\u00ed, zat\u00edmco pevn\u00e1 [&hellip;]<\/p>\n","protected":false},"featured_media":81947,"template":"","meta":{"_acf_changed":false},"product_brand":[],"product_cat":[45,128],"product_tag":[],"class_list":{"0":"post-81379","1":"product","2":"type-product","3":"status-publish","4":"has-post-thumbnail","6":"product_cat-prislusenstvi","7":"product_cat-tracker-dog-cs","9":"first","10":"instock","11":"taxable","12":"shipping-taxable","13":"purchasable","14":"product-type-variable"},"acf":[],"_links":{"self":[{"href":"https:\/\/pealock.com\/cs\/wp-json\/wp\/v2\/product\/81379","targetHints":{"allow":["GET"]}}],"collection":[{"href":"https:\/\/pealock.com\/cs\/wp-json\/wp\/v2\/product"}],"about":[{"href":"https:\/\/pealock.com\/cs\/wp-json\/wp\/v2\/types\/product"}],"version-history":[{"count":5,"href":"https:\/\/pealock.com\/cs\/wp-json\/wp\/v2\/product\/81379\/revisions"}],"predecessor-version":[{"id":81449,"href":"https:\/\/pealock.com\/cs\/wp-json\/wp\/v2\/product\/81379\/revisions\/81449"}],"wp:featuredmedia":[{"embeddable":true,"href":"https:\/\/pealock.com\/cs\/wp-json\/wp\/v2\/media\/81947"}],"wp:attachment":[{"href":"https:\/\/pealock.com\/cs\/wp-json\/wp\/v2\/media?parent=81379"}],"wp:term":[{"taxonomy":"product_brand","embeddable":true,"href":"https:\/\/pealock.com\/cs\/wp-json\/wp\/v2\/product_brand?post=81379"},{"taxonomy":"product_cat","embeddable":true,"href":"https:\/\/pealock.com\/cs\/wp-json\/wp\/v2\/product_cat?post=81379"},{"taxonomy":"product_tag","embeddable":true,"href":"https:\/\/pealock.com\/cs\/wp-json\/wp\/v2\/product_tag?post=81379"}],"curies":[{"name":"wp","href":"https:\/\/api.w.org\/{rel}","templated":true}]}}