{"id":2062,"date":"2024-03-05T15:29:27","date_gmt":"2024-03-05T14:29:27","guid":{"rendered":"https:\/\/pealock.com\/product\/hulk-light-with-alarm\/"},"modified":"2025-12-17T11:54:13","modified_gmt":"2025-12-17T10:54:13","slug":"hulk-svetlo-s-alarmem","status":"publish","type":"product","link":"https:\/\/pealock.com\/cs\/produkt\/hulk-svetlo-s-alarmem\/","title":{"rendered":"Hulk &#8211; sv\u011btlo s alarmem"},"content":{"rendered":"<p>Hulk skr\u00fdv\u00e1 hned 3 u\u017eite\u010dn\u00e9 funkce v jednom za\u0159\u00edzen\u00ed \u2013 funguje jako zadn\u00ed sv\u00edtilna na kolo, v\u010detn\u011b funkce automatick\u00e9ho brzdov\u00e9ho sv\u011btla a jako hlasit\u00fd bezpe\u010dnostn\u00ed alarm. LED sv\u00edtilna m\u00e1 4 sv\u011bteln\u00e9 m\u00f3dy.<\/p>\n","protected":false},"excerpt":{"rendered":"<p>\u2713 zadn\u00ed LED sv\u011btlo<\/p>\n<p>\u2713 funkce brzdov\u00e9ho sv\u011btla<\/p>\n<p>\u2713 pohybov\u00fd senzor<\/p>\n<p>\u2713 hlasit\u00fd alarm 120dB<\/p>\n","protected":false},"featured_media":2283,"template":"","meta":{"_acf_changed":false},"product_brand":[],"product_cat":[119,50,54],"product_tag":[],"class_list":{"0":"post-2062","1":"product","2":"type-product","3":"status-publish","4":"has-post-thumbnail","6":"product_cat-b2b","7":"product_cat-b2b-partner-cs","8":"product_cat-pealock-cs","10":"first","11":"outofstock","12":"sale","13":"taxable","14":"shipping-taxable","15":"purchasable","16":"product-type-simple"},"acf":[],"_links":{"self":[{"href":"https:\/\/pealock.com\/cs\/wp-json\/wp\/v2\/product\/2062","targetHints":{"allow":["GET"]}}],"collection":[{"href":"https:\/\/pealock.com\/cs\/wp-json\/wp\/v2\/product"}],"about":[{"href":"https:\/\/pealock.com\/cs\/wp-json\/wp\/v2\/types\/product"}],"version-history":[{"count":80,"href":"https:\/\/pealock.com\/cs\/wp-json\/wp\/v2\/product\/2062\/revisions"}],"predecessor-version":[{"id":82363,"href":"https:\/\/pealock.com\/cs\/wp-json\/wp\/v2\/product\/2062\/revisions\/82363"}],"wp:featuredmedia":[{"embeddable":true,"href":"https:\/\/pealock.com\/cs\/wp-json\/wp\/v2\/media\/2283"}],"wp:attachment":[{"href":"https:\/\/pealock.com\/cs\/wp-json\/wp\/v2\/media?parent=2062"}],"wp:term":[{"taxonomy":"product_brand","embeddable":true,"href":"https:\/\/pealock.com\/cs\/wp-json\/wp\/v2\/product_brand?post=2062"},{"taxonomy":"product_cat","embeddable":true,"href":"https:\/\/pealock.com\/cs\/wp-json\/wp\/v2\/product_cat?post=2062"},{"taxonomy":"product_tag","embeddable":true,"href":"https:\/\/pealock.com\/cs\/wp-json\/wp\/v2\/product_tag?post=2062"}],"curies":[{"name":"wp","href":"https:\/\/api.w.org\/{rel}","templated":true}]}}