{"id":2055,"date":"2024-03-05T15:26:13","date_gmt":"2024-03-05T14:26:13","guid":{"rendered":"https:\/\/pealock.com\/product\/pealock-smart-bluetooth-locator\/"},"modified":"2025-10-07T14:37:33","modified_gmt":"2025-10-07T12:37:33","slug":"dog-tracker","status":"publish","type":"product","link":"https:\/\/pealock.com\/cs\/produkt\/dog-tracker\/","title":{"rendered":"GPS Tracker DOG"},"content":{"rendered":"<p>Bezpe\u010d\u00ed va\u0161eho mazl\u00ed\u010dka na prvn\u00edm m\u00edst\u011b \u2013 d\u00edky GPS trackeru budete m\u00edt v\u017edy p\u0159ehled, kde se v\u00e1\u0161 \u010dty\u0159noh\u00fd mazl\u00ed\u010dek pr\u00e1v\u011b nach\u00e1z\u00ed. A\u0165 u\u017e se toul\u00e1 po zahrad\u011b, prob\u00edh\u00e1 lesem p\u0159i proch\u00e1zce nebo se ne\u010dekan\u011b zab\u011bhne, sledujte jeho pohyb v re\u00e1ln\u00e9m \u010dase p\u0159\u00edmo z va\u0161eho telefonu.<\/p>\n<p>D\u00edky 4G s\u00edti tracker poskytuje rychl\u00fd p\u0159enos dat bez v\u00fdpadk\u016f, tak\u017ee sv\u00e9ho mazl\u00ed\u010dka snadno najdete i v hust\u011b zastav\u011bn\u00fdch oblastech, stejn\u011b tak jako v m\u00edstech s hor\u0161\u00edm sign\u00e1lem.<\/p>\n<p>Tento lehk\u00fd a kompaktn\u00ed tracker se snadno upevn\u00ed na obojek, je odoln\u00fd v\u016f\u010di vod\u011b a prachu a nab\u00edz\u00ed chytr\u00e9 funkce pro lep\u0161\u00ed dohled nad va\u0161\u00edm mazl\u00ed\u010dkem \u2013 v\u010detn\u011b alarmu p\u0159i n\u00edzk\u00e9 baterii, sv\u011bteln\u00e9ho a zvukov\u00e9ho vyhled\u00e1v\u00e1n\u00ed \u010di geofencingu.<\/p>\n<p>*<strong>SIM karta je sou\u010d\u00e1st\u00ed trackeru ji\u017e z v\u00fdroby<\/strong>.<\/p>\n","protected":false},"excerpt":{"rendered":"<p style=\"text-align: center;\">\u2713 sledov\u00e1n\u00ed v re\u00e1ln\u00e9m \u010dase<\/p>\n<p style=\"text-align: center;\">\u2713 historie tras<\/p>\n<p style=\"text-align: center;\">\u2713 vod\u011bodoln\u00e9 IP67<\/p>\n<p style=\"text-align: center;\">\u2713 pokro\u010dil\u00e9 funkce a snadn\u00e1 instalace<\/p>\n","protected":false},"featured_media":80637,"template":"","meta":{"_acf_changed":false},"product_brand":[],"product_cat":[54],"product_tag":[],"class_list":{"0":"post-2055","1":"product","2":"type-product","3":"status-publish","4":"has-post-thumbnail","6":"product_cat-pealock-cs","8":"first","9":"outofstock","10":"sale","11":"taxable","12":"shipping-taxable","13":"purchasable","14":"product-type-variable","15":"has-default-attributes"},"acf":[],"_links":{"self":[{"href":"https:\/\/pealock.com\/cs\/wp-json\/wp\/v2\/product\/2055","targetHints":{"allow":["GET"]}}],"collection":[{"href":"https:\/\/pealock.com\/cs\/wp-json\/wp\/v2\/product"}],"about":[{"href":"https:\/\/pealock.com\/cs\/wp-json\/wp\/v2\/types\/product"}],"version-history":[{"count":100,"href":"https:\/\/pealock.com\/cs\/wp-json\/wp\/v2\/product\/2055\/revisions"}],"predecessor-version":[{"id":82396,"href":"https:\/\/pealock.com\/cs\/wp-json\/wp\/v2\/product\/2055\/revisions\/82396"}],"wp:featuredmedia":[{"embeddable":true,"href":"https:\/\/pealock.com\/cs\/wp-json\/wp\/v2\/media\/80637"}],"wp:attachment":[{"href":"https:\/\/pealock.com\/cs\/wp-json\/wp\/v2\/media?parent=2055"}],"wp:term":[{"taxonomy":"product_brand","embeddable":true,"href":"https:\/\/pealock.com\/cs\/wp-json\/wp\/v2\/product_brand?post=2055"},{"taxonomy":"product_cat","embeddable":true,"href":"https:\/\/pealock.com\/cs\/wp-json\/wp\/v2\/product_cat?post=2055"},{"taxonomy":"product_tag","embeddable":true,"href":"https:\/\/pealock.com\/cs\/wp-json\/wp\/v2\/product_tag?post=2055"}],"curies":[{"name":"wp","href":"https:\/\/api.w.org\/{rel}","templated":true}]}}