{"id":2054,"date":"2024-03-05T15:50:18","date_gmt":"2024-03-05T14:50:18","guid":{"rendered":"https:\/\/pealock.com\/product\/pealock-hellcat-u-shaped-lock\/"},"modified":"2025-09-30T12:08:57","modified_gmt":"2025-09-30T10:08:57","slug":"hellcat-zamek-ve-tvaru-u","status":"publish","type":"product","link":"https:\/\/pealock.com\/cs\/produkt\/hellcat-zamek-ve-tvaru-u\/","title":{"rendered":"Hellcat &#8211; z\u00e1mek ve tvaru U"},"content":{"rendered":"<p>Hled\u00e1te jednoduch\u00fd, ale efektivn\u00ed zp\u016fsob, jak ochr\u00e1nit sv\u00e9 vybaven\u00ed p\u0159ed kr\u00e1de\u017e\u00ed? Pak pro v\u00e1s bude Hellcat t\u00edm nejlep\u0161\u00edm \u0159e\u0161en\u00edm. Charakteristick\u00fd tvar z\u00e1mku v\u00e1m umo\u017en\u00ed zamknout kolo, nebo kolob\u011b\u017eku ke stabiln\u00edmu objektu, jako je nap\u0159\u00edklad stojan, sloupek nebo z\u00e1bradl\u00ed. Z\u00e1mek je vod\u011bodoln\u00fd a disponuje bezpe\u010dnostn\u00edm alarmem o hlasitosti 120 dB. Tento typ z\u00e1mku je obl\u00edben\u00fd pro sv\u016fj minimalistick\u00fd design s mo\u017enost\u00ed p\u0159ipevn\u011bn\u00ed z\u00e1mku na kolo, jeho spolehlivost a jednoduchost pou\u017eit\u00ed. Balen\u00ed obsahuje i pouzdro na p\u0159evoz z\u00e1mku.<\/p>\n","protected":false},"excerpt":{"rendered":"<p style=\"text-align: center;\">\u2713 14 mm tvrzen\u00e1 ocel, vyztu\u017een\u00e1 karbidem<\/p>\n<p style=\"text-align: center;\">\u2713 pohybov\u00fd senzor<\/p>\n<p style=\"text-align: center;\">\u2713 hlasit\u00fd alarm 120dB<\/p>\n","protected":false},"featured_media":2288,"template":"","meta":{"_acf_changed":false},"product_brand":[],"product_cat":[119,54],"product_tag":[],"class_list":{"0":"post-2054","1":"product","2":"type-product","3":"status-publish","4":"has-post-thumbnail","6":"product_cat-b2b","7":"product_cat-pealock-cs","9":"first","10":"instock","11":"sale","12":"taxable","13":"shipping-taxable","14":"purchasable","15":"product-type-simple"},"acf":[],"_links":{"self":[{"href":"https:\/\/pealock.com\/cs\/wp-json\/wp\/v2\/product\/2054","targetHints":{"allow":["GET"]}}],"collection":[{"href":"https:\/\/pealock.com\/cs\/wp-json\/wp\/v2\/product"}],"about":[{"href":"https:\/\/pealock.com\/cs\/wp-json\/wp\/v2\/types\/product"}],"version-history":[{"count":57,"href":"https:\/\/pealock.com\/cs\/wp-json\/wp\/v2\/product\/2054\/revisions"}],"predecessor-version":[{"id":82225,"href":"https:\/\/pealock.com\/cs\/wp-json\/wp\/v2\/product\/2054\/revisions\/82225"}],"wp:featuredmedia":[{"embeddable":true,"href":"https:\/\/pealock.com\/cs\/wp-json\/wp\/v2\/media\/2288"}],"wp:attachment":[{"href":"https:\/\/pealock.com\/cs\/wp-json\/wp\/v2\/media?parent=2054"}],"wp:term":[{"taxonomy":"product_brand","embeddable":true,"href":"https:\/\/pealock.com\/cs\/wp-json\/wp\/v2\/product_brand?post=2054"},{"taxonomy":"product_cat","embeddable":true,"href":"https:\/\/pealock.com\/cs\/wp-json\/wp\/v2\/product_cat?post=2054"},{"taxonomy":"product_tag","embeddable":true,"href":"https:\/\/pealock.com\/cs\/wp-json\/wp\/v2\/product_tag?post=2054"}],"curies":[{"name":"wp","href":"https:\/\/api.w.org\/{rel}","templated":true}]}}