{"id":2053,"date":"2024-03-05T15:55:33","date_gmt":"2024-03-05T14:55:33","guid":{"rendered":"https:\/\/pealock.com\/product\/pealock-optimus-folding-lock\/"},"modified":"2025-09-30T12:08:08","modified_gmt":"2025-09-30T10:08:08","slug":"optimus-skladaci-zamek","status":"publish","type":"product","link":"https:\/\/pealock.com\/cs\/produkt\/optimus-skladaci-zamek\/","title":{"rendered":"Optimus &#8211; skl\u00e1dac\u00ed z\u00e1mek"},"content":{"rendered":"<p>Chra\u0148te sv\u00e9 sportovn\u00ed vybaven\u00ed proti odcizen\u00ed s na\u0161\u00edm spolehliv\u00fdm z\u00e1mkem Optimus, jedn\u00e1 se o n\u00e1\u0161 nejodoln\u011bj\u0161\u00ed z\u00e1mek v nab\u00eddce. Tento kompaktn\u00ed skl\u00e1dac\u00ed z\u00e1mek byl navr\u017een s ohledem na bezpe\u010dnost, maxim\u00e1ln\u00ed odolnost a snadnou manipulaci. Z\u00e1mek nav\u00edc disponuje 120 dB hlasit\u00fdm bezpe\u010dnostn\u00edm alarmem, kter\u00fd se automaticky aktivuje p\u0159i ne\u017e\u00e1douc\u00edm pohybu. A\u0165 u\u017e tedy hled\u00e1te z\u00e1mek na va\u0161e kolo, kolob\u011b\u017eku \u010di motorku, Optimus je spr\u00e1vnou volbou. Balen\u00ed obsahuje i pouzdro na p\u0159evoz z\u00e1mku.<\/p>\n","protected":false},"excerpt":{"rendered":"<p style=\"text-align: center;\">\u2713 t\u011blo z\u00e1mku z manganov\u00e9 oceli<\/p>\n<p style=\"text-align: center;\">\u2713 hlasit\u00fd alarm 120dB<\/p>\n<p style=\"text-align: center;\">\u2713 pohybov\u00fd senzor<\/p>\n<p style=\"text-align: center;\">\n","protected":false},"featured_media":2293,"template":"","meta":{"_acf_changed":false},"product_brand":[],"product_cat":[119,54],"product_tag":[],"class_list":{"0":"post-2053","1":"product","2":"type-product","3":"status-publish","4":"has-post-thumbnail","6":"product_cat-b2b","7":"product_cat-pealock-cs","9":"first","10":"instock","11":"sale","12":"taxable","13":"shipping-taxable","14":"purchasable","15":"product-type-simple"},"acf":[],"_links":{"self":[{"href":"https:\/\/pealock.com\/cs\/wp-json\/wp\/v2\/product\/2053","targetHints":{"allow":["GET"]}}],"collection":[{"href":"https:\/\/pealock.com\/cs\/wp-json\/wp\/v2\/product"}],"about":[{"href":"https:\/\/pealock.com\/cs\/wp-json\/wp\/v2\/types\/product"}],"version-history":[{"count":63,"href":"https:\/\/pealock.com\/cs\/wp-json\/wp\/v2\/product\/2053\/revisions"}],"predecessor-version":[{"id":82224,"href":"https:\/\/pealock.com\/cs\/wp-json\/wp\/v2\/product\/2053\/revisions\/82224"}],"wp:featuredmedia":[{"embeddable":true,"href":"https:\/\/pealock.com\/cs\/wp-json\/wp\/v2\/media\/2293"}],"wp:attachment":[{"href":"https:\/\/pealock.com\/cs\/wp-json\/wp\/v2\/media?parent=2053"}],"wp:term":[{"taxonomy":"product_brand","embeddable":true,"href":"https:\/\/pealock.com\/cs\/wp-json\/wp\/v2\/product_brand?post=2053"},{"taxonomy":"product_cat","embeddable":true,"href":"https:\/\/pealock.com\/cs\/wp-json\/wp\/v2\/product_cat?post=2053"},{"taxonomy":"product_tag","embeddable":true,"href":"https:\/\/pealock.com\/cs\/wp-json\/wp\/v2\/product_tag?post=2053"}],"curies":[{"name":"wp","href":"https:\/\/api.w.org\/{rel}","templated":true}]}}