{"id":2052,"date":"2024-03-05T16:01:15","date_gmt":"2024-03-05T15:01:15","guid":{"rendered":"https:\/\/pealock.com\/product\/pealock-beast-chain-lock\/"},"modified":"2025-09-30T12:07:05","modified_gmt":"2025-09-30T10:07:05","slug":"beast-retezovy-zamek","status":"publish","type":"product","link":"https:\/\/pealock.com\/cs\/produkt\/beast-retezovy-zamek\/","title":{"rendered":"Beast &#8211; \u0159et\u011bzov\u00fd z\u00e1mek"},"content":{"rendered":"<p>Kdy\u017e \u0159et\u011bzov\u00fd z\u00e1mek, tak jedin\u011b Beast. Beast je toti\u017e kvalitn\u00ed z\u00e1mek s hlasit\u00fdm bezpe\u010dnostn\u00edm alarmem, kter\u00fd spolehliv\u011b ochr\u00e1n\u00ed v\u00e1\u0161 majetek za v\u0161ech okolnost\u00ed a bez kompromisu! D\u00edky jeho robustn\u00ed konstrukci z u\u0161lechtil\u00e9 oceli a 120 dB hlasit\u00e9mu alarmu se u\u017e nemus\u00edte b\u00e1t nechat va\u0161e kolo, kolob\u011b\u017eku \u010di motorku bez dozoru. Nadstandardn\u00ed d\u00e9lka \u0159et\u011bzu v\u00e1m umo\u017en\u00ed uzamknut\u00ed i v\u00edce za\u0159\u00edzen\u00ed najednou.<\/p>\n","protected":false},"excerpt":{"rendered":"<p>\u2713 speci\u00e1ln\u011b tvrzen\u00e1 nerezov\u00e1 ocel + obal z nylonu<\/p>\n<p>\u2713 pohybov\u00fd senzor<\/p>\n<p>\u2713 hlasit\u00fd alarm 120dB<\/p>\n","protected":false},"featured_media":2298,"template":"","meta":{"_acf_changed":false},"product_brand":[],"product_cat":[119,54],"product_tag":[],"class_list":{"0":"post-2052","1":"product","2":"type-product","3":"status-publish","4":"has-post-thumbnail","6":"product_cat-b2b","7":"product_cat-pealock-cs","9":"first","10":"instock","11":"sale","12":"taxable","13":"shipping-taxable","14":"purchasable","15":"product-type-simple"},"acf":[],"_links":{"self":[{"href":"https:\/\/pealock.com\/cs\/wp-json\/wp\/v2\/product\/2052","targetHints":{"allow":["GET"]}}],"collection":[{"href":"https:\/\/pealock.com\/cs\/wp-json\/wp\/v2\/product"}],"about":[{"href":"https:\/\/pealock.com\/cs\/wp-json\/wp\/v2\/types\/product"}],"version-history":[{"count":87,"href":"https:\/\/pealock.com\/cs\/wp-json\/wp\/v2\/product\/2052\/revisions"}],"predecessor-version":[{"id":82223,"href":"https:\/\/pealock.com\/cs\/wp-json\/wp\/v2\/product\/2052\/revisions\/82223"}],"wp:featuredmedia":[{"embeddable":true,"href":"https:\/\/pealock.com\/cs\/wp-json\/wp\/v2\/media\/2298"}],"wp:attachment":[{"href":"https:\/\/pealock.com\/cs\/wp-json\/wp\/v2\/media?parent=2052"}],"wp:term":[{"taxonomy":"product_brand","embeddable":true,"href":"https:\/\/pealock.com\/cs\/wp-json\/wp\/v2\/product_brand?post=2052"},{"taxonomy":"product_cat","embeddable":true,"href":"https:\/\/pealock.com\/cs\/wp-json\/wp\/v2\/product_cat?post=2052"},{"taxonomy":"product_tag","embeddable":true,"href":"https:\/\/pealock.com\/cs\/wp-json\/wp\/v2\/product_tag?post=2052"}],"curies":[{"name":"wp","href":"https:\/\/api.w.org\/{rel}","templated":true}]}}