{"id":1888,"date":"2024-03-06T11:01:58","date_gmt":"2024-03-06T10:01:58","guid":{"rendered":"https:\/\/pealock.com\/?post_type=product&#038;p=1888"},"modified":"2025-12-19T03:32:13","modified_gmt":"2025-12-19T02:32:13","slug":"pealock-elektronicky-zamek","status":"publish","type":"product","link":"https:\/\/pealock.com\/cs\/produkt\/pealock-elektronicky-zamek\/","title":{"rendered":"Pealock &#8211; elektronick\u00fd z\u00e1mek"},"content":{"rendered":"<p>Pealock je chytr\u00fd elektronick\u00fd z\u00e1mek pro va\u0161e sportovn\u00ed vybaven\u00ed. Multifunk\u010dn\u00ed a lehce p\u0159enosn\u00fd. Snadno jej sbal\u00edte do kapsy cyklodresu nebo ly\u017ea\u0159sk\u00e9 bundy a budete ho m\u00edt tak kdykoliv k dispozici.<\/p>\n","protected":false},"excerpt":{"rendered":"<p>Pealock je chytr\u00fd elektronick\u00fd z\u00e1mek pro va\u0161e sportovn\u00ed vybaven\u00ed. Multifunk\u010dn\u00ed a lehce p\u0159enosn\u00fd. Snadno jej sbal\u00edte do kapsy cyklodresu nebo ly\u017ea\u0159sk\u00e9 bundy a budete ho m\u00edt tak kdykoliv k dispozici.<\/p>\n","protected":false},"featured_media":1862,"template":"","meta":{"_acf_changed":false},"product_brand":[],"product_cat":[23],"product_tag":[],"class_list":{"0":"post-1888","1":"product","2":"type-product","3":"status-publish","4":"has-post-thumbnail","6":"product_cat-uncategorized-cs","8":"first","9":"onbackorder","10":"taxable","11":"shipping-taxable","12":"product-type-variable","13":"has-default-attributes"},"acf":[],"_links":{"self":[{"href":"https:\/\/pealock.com\/cs\/wp-json\/wp\/v2\/product\/1888","targetHints":{"allow":["GET"]}}],"collection":[{"href":"https:\/\/pealock.com\/cs\/wp-json\/wp\/v2\/product"}],"about":[{"href":"https:\/\/pealock.com\/cs\/wp-json\/wp\/v2\/types\/product"}],"version-history":[{"count":6,"href":"https:\/\/pealock.com\/cs\/wp-json\/wp\/v2\/product\/1888\/revisions"}],"predecessor-version":[{"id":1900,"href":"https:\/\/pealock.com\/cs\/wp-json\/wp\/v2\/product\/1888\/revisions\/1900"}],"wp:featuredmedia":[{"embeddable":true,"href":"https:\/\/pealock.com\/cs\/wp-json\/wp\/v2\/media\/1862"}],"wp:attachment":[{"href":"https:\/\/pealock.com\/cs\/wp-json\/wp\/v2\/media?parent=1888"}],"wp:term":[{"taxonomy":"product_brand","embeddable":true,"href":"https:\/\/pealock.com\/cs\/wp-json\/wp\/v2\/product_brand?post=1888"},{"taxonomy":"product_cat","embeddable":true,"href":"https:\/\/pealock.com\/cs\/wp-json\/wp\/v2\/product_cat?post=1888"},{"taxonomy":"product_tag","embeddable":true,"href":"https:\/\/pealock.com\/cs\/wp-json\/wp\/v2\/product_tag?post=1888"}],"curies":[{"name":"wp","href":"https:\/\/api.w.org\/{rel}","templated":true}]}}