{"id":1791,"date":"2024-03-06T07:22:03","date_gmt":"2024-03-06T06:22:03","guid":{"rendered":"https:\/\/pealock.com\/product\/pealock-2-elektronicky-zamek\/"},"modified":"2025-08-06T15:29:03","modified_gmt":"2025-08-06T13:29:03","slug":"pealock-2-elektronicky-zamek","status":"publish","type":"product","link":"https:\/\/pealock.com\/cs\/produkt\/pealock-2-elektronicky-zamek\/","title":{"rendered":"Pealock 2 \u2013 elektronick\u00fd z\u00e1mek"},"content":{"rendered":"<p>Pealock je chytr\u00fd elektronick\u00fd z\u00e1mek pro va\u0161e sportovn\u00ed vybaven\u00ed. Je multifunk\u010dn\u00ed a snadno p\u0159enosn\u00fd. Jednodu\u0161e ho zabal\u00edte do kapsy cyklistick\u00e9ho dresu, nebo ly\u017ea\u0159sk\u00e9 bundy a budete ho m\u00edt kdykoli k dispozici.<\/p>\n","protected":false},"excerpt":{"rendered":"<p style=\"text-align: center;\">\u2713 vhodn\u00e9 pro vyu\u017eit\u00ed v cel\u00e9 EU<\/p>\n<p style=\"text-align: center;\">\u2713 pohybov\u00fd senzor, alarm<\/p>\n<p style=\"text-align: center;\">\u2713 notifikace p\u0159es celou obrazovku<\/p>\n<p style=\"text-align: center;\">\u2713 GPS lokalizace<\/p>\n","protected":false},"featured_media":2674,"template":"","meta":{"_acf_changed":false},"product_brand":[],"product_cat":[119,50,54],"product_tag":[],"class_list":{"0":"post-1791","1":"product","2":"type-product","3":"status-publish","4":"has-post-thumbnail","6":"product_cat-b2b","7":"product_cat-b2b-partner-cs","8":"product_cat-pealock-cs","10":"first","11":"outofstock","12":"sale","13":"taxable","14":"shipping-taxable","15":"purchasable","16":"product-type-variable","17":"has-default-attributes"},"acf":[],"_links":{"self":[{"href":"https:\/\/pealock.com\/cs\/wp-json\/wp\/v2\/product\/1791","targetHints":{"allow":["GET"]}}],"collection":[{"href":"https:\/\/pealock.com\/cs\/wp-json\/wp\/v2\/product"}],"about":[{"href":"https:\/\/pealock.com\/cs\/wp-json\/wp\/v2\/types\/product"}],"version-history":[{"count":64,"href":"https:\/\/pealock.com\/cs\/wp-json\/wp\/v2\/product\/1791\/revisions"}],"predecessor-version":[{"id":81226,"href":"https:\/\/pealock.com\/cs\/wp-json\/wp\/v2\/product\/1791\/revisions\/81226"}],"wp:featuredmedia":[{"embeddable":true,"href":"https:\/\/pealock.com\/cs\/wp-json\/wp\/v2\/media\/2674"}],"wp:attachment":[{"href":"https:\/\/pealock.com\/cs\/wp-json\/wp\/v2\/media?parent=1791"}],"wp:term":[{"taxonomy":"product_brand","embeddable":true,"href":"https:\/\/pealock.com\/cs\/wp-json\/wp\/v2\/product_brand?post=1791"},{"taxonomy":"product_cat","embeddable":true,"href":"https:\/\/pealock.com\/cs\/wp-json\/wp\/v2\/product_cat?post=1791"},{"taxonomy":"product_tag","embeddable":true,"href":"https:\/\/pealock.com\/cs\/wp-json\/wp\/v2\/product_tag?post=1791"}],"curies":[{"name":"wp","href":"https:\/\/api.w.org\/{rel}","templated":true}]}}