{"id":1632,"date":"2024-03-04T21:12:13","date_gmt":"2024-03-04T20:12:13","guid":{"rendered":"https:\/\/pealock.com\/product\/nfc-karta\/"},"modified":"2026-03-24T21:50:45","modified_gmt":"2026-03-24T20:50:45","slug":"nfc-karta","status":"publish","type":"product","link":"https:\/\/pealock.com\/cs\/produkt\/nfc-karta\/","title":{"rendered":"NFC karta"},"content":{"rendered":"<p>NFC karta slou\u017e\u00ed pro odemyk\u00e1n\u00ed\/zamyk\u00e1n\u00ed Pealocku.<\/p>\n<p>Kartu si m\u016f\u017eete d\u00e1t nap\u0159. do ruk\u00e1vu sv\u00e9 ly\u017ea\u0159sk\u00e9 bundy, pen\u011b\u017eenky, kapsy atd.<\/p>\n<p>Je to stejn\u00e1 velikost jako kreditn\u00ed karta.<\/p>\n","protected":false},"excerpt":{"rendered":"<p>NFC karta slou\u017e\u00ed pro odemyk\u00e1n\u00ed\/zamyk\u00e1n\u00ed Pealocku.<\/p>\n<p>Kartu si m\u016f\u017eete d\u00e1t nap\u0159. do ruk\u00e1vu sv\u00e9 ly\u017ea\u0159sk\u00e9 bundy, pen\u011b\u017eenky, kapsy atd.<\/p>\n<p>Je to stejn\u00e1 velikost jako kreditn\u00ed karta.<\/p>\n","protected":false},"featured_media":1612,"template":"","meta":{"_acf_changed":false},"product_brand":[],"product_cat":[119,45],"product_tag":[],"class_list":{"0":"post-1632","1":"product","2":"type-product","3":"status-publish","4":"has-post-thumbnail","6":"product_cat-b2b","7":"product_cat-prislusenstvi","9":"first","10":"instock","11":"taxable","12":"shipping-taxable","13":"purchasable","14":"product-type-variable","15":"has-default-attributes"},"acf":[],"_links":{"self":[{"href":"https:\/\/pealock.com\/cs\/wp-json\/wp\/v2\/product\/1632","targetHints":{"allow":["GET"]}}],"collection":[{"href":"https:\/\/pealock.com\/cs\/wp-json\/wp\/v2\/product"}],"about":[{"href":"https:\/\/pealock.com\/cs\/wp-json\/wp\/v2\/types\/product"}],"version-history":[{"count":3,"href":"https:\/\/pealock.com\/cs\/wp-json\/wp\/v2\/product\/1632\/revisions"}],"predecessor-version":[{"id":1998,"href":"https:\/\/pealock.com\/cs\/wp-json\/wp\/v2\/product\/1632\/revisions\/1998"}],"wp:featuredmedia":[{"embeddable":true,"href":"https:\/\/pealock.com\/cs\/wp-json\/wp\/v2\/media\/1612"}],"wp:attachment":[{"href":"https:\/\/pealock.com\/cs\/wp-json\/wp\/v2\/media?parent=1632"}],"wp:term":[{"taxonomy":"product_brand","embeddable":true,"href":"https:\/\/pealock.com\/cs\/wp-json\/wp\/v2\/product_brand?post=1632"},{"taxonomy":"product_cat","embeddable":true,"href":"https:\/\/pealock.com\/cs\/wp-json\/wp\/v2\/product_cat?post=1632"},{"taxonomy":"product_tag","embeddable":true,"href":"https:\/\/pealock.com\/cs\/wp-json\/wp\/v2\/product_tag?post=1632"}],"curies":[{"name":"wp","href":"https:\/\/api.w.org\/{rel}","templated":true}]}}