{"id":1561,"date":"2024-03-04T19:07:00","date_gmt":"2024-03-04T18:07:00","guid":{"rendered":"https:\/\/pealock.com\/product\/sitovy-adapter\/"},"modified":"2025-12-25T16:28:34","modified_gmt":"2025-12-25T15:28:34","slug":"sitovy-adapter","status":"publish","type":"product","link":"https:\/\/pealock.com\/cs\/produkt\/sitovy-adapter\/","title":{"rendered":"S\u00ed\u0165ov\u00fd adapt\u00e9r"},"content":{"rendered":"<p>Nab\u00edje\u010dka do s\u00edt\u011b Pealock univerz\u00e1ln\u00ed, Vstup: 100 V\u2013240 V, 50\u201360 Hz 0.35 A. V\u00fdstup: USB-C 5 V\/2.4 A, 9 V\/1,8A, 12 V\/1.2 A. Ochrana proti zkratu, p\u0159ep\u011bt\u00ed, p\u0159et\u00ed\u017een\u00ed a p\u0159eh\u0159\u00e1t\u00ed. Bez kabelu v balen\u00ed. Barva \u2013 \u010dern\u00e1.<\/p>\n","protected":false},"excerpt":{"rendered":"<p>Nab\u00edje\u010dka do s\u00edt\u011b Pealock univerz\u00e1ln\u00ed, Vstup: 100 V\u2013240 V, 50\u201360 Hz 0.35 A. V\u00fdstup: USB-C 5 V\/2.4 A, 9 V\/1,8A, 12 V\/1.2 A. Ochrana proti zkratu, p\u0159ep\u011bt\u00ed, p\u0159et\u00ed\u017een\u00ed a p\u0159eh\u0159\u00e1t\u00ed. Bez kabelu v balen\u00ed. Barva \u2013 \u010dern\u00e1.<\/p>\n","protected":false},"featured_media":1555,"template":"","meta":{"_acf_changed":false},"product_brand":[],"product_cat":[119,45],"product_tag":[],"class_list":{"0":"post-1561","1":"product","2":"type-product","3":"status-publish","4":"has-post-thumbnail","6":"product_cat-b2b","7":"product_cat-prislusenstvi","9":"first","10":"instock","11":"taxable","12":"shipping-taxable","13":"purchasable","14":"product-type-simple"},"acf":[],"_links":{"self":[{"href":"https:\/\/pealock.com\/cs\/wp-json\/wp\/v2\/product\/1561","targetHints":{"allow":["GET"]}}],"collection":[{"href":"https:\/\/pealock.com\/cs\/wp-json\/wp\/v2\/product"}],"about":[{"href":"https:\/\/pealock.com\/cs\/wp-json\/wp\/v2\/types\/product"}],"version-history":[{"count":6,"href":"https:\/\/pealock.com\/cs\/wp-json\/wp\/v2\/product\/1561\/revisions"}],"predecessor-version":[{"id":1993,"href":"https:\/\/pealock.com\/cs\/wp-json\/wp\/v2\/product\/1561\/revisions\/1993"}],"wp:featuredmedia":[{"embeddable":true,"href":"https:\/\/pealock.com\/cs\/wp-json\/wp\/v2\/media\/1555"}],"wp:attachment":[{"href":"https:\/\/pealock.com\/cs\/wp-json\/wp\/v2\/media?parent=1561"}],"wp:term":[{"taxonomy":"product_brand","embeddable":true,"href":"https:\/\/pealock.com\/cs\/wp-json\/wp\/v2\/product_brand?post=1561"},{"taxonomy":"product_cat","embeddable":true,"href":"https:\/\/pealock.com\/cs\/wp-json\/wp\/v2\/product_cat?post=1561"},{"taxonomy":"product_tag","embeddable":true,"href":"https:\/\/pealock.com\/cs\/wp-json\/wp\/v2\/product_tag?post=1561"}],"curies":[{"name":"wp","href":"https:\/\/api.w.org\/{rel}","templated":true}]}}