{"id":1395,"date":"2024-02-25T09:08:39","date_gmt":"2024-02-25T08:08:39","guid":{"rendered":"https:\/\/pealock.com\/product\/pealock-saddle-bag\/"},"modified":"2025-12-25T16:28:34","modified_gmt":"2025-12-25T15:28:34","slug":"podsedlova-kapsicka","status":"publish","type":"product","link":"https:\/\/pealock.com\/cs\/produkt\/podsedlova-kapsicka\/","title":{"rendered":"Podsedlov\u00e1 kapsi\u010dka"},"content":{"rendered":"<p>Podsedlov\u00e1 bra\u0161na je ide\u00e1ln\u00edm pomocn\u00edkem, do kter\u00e9ho m\u016f\u017eete b\u011bhem cesty uschovat z\u00e1mek Pealock. Nav\u00edc v n\u00ed zbude m\u00edsto i pro dal\u0161\u00ed vybaven\u00ed. Vnit\u0159n\u00ed s\u00ed\u0165ov\u00e1 kapsi\u010dka je vhodn\u00e1 na odlo\u017een\u00ed hotovosti nebo drobn\u00fdch p\u0159edm\u011bt\u016f.<br \/>\nUchycen\u00ed pod sedlem je zabezpe\u010deno t\u0159emi p\u00e1skami na such\u00fd zip.<br \/>\nReflexn\u00ed prvky na boc\u00edch zvy\u0161uj\u00ed viditelnost za sn\u00ed\u017een\u00fdch sv\u011bteln\u00fdch podm\u00ednek. Bra\u0161ni\u010dka je vyroben\u00e1 z odoln\u00e9ho materi\u00e1lu, kter\u00fd zajist\u00ed dlouhou \u017eivotnost. D\u00edky speci\u00e1ln\u00ed povrchov\u00e9 \u00faprav\u011b a nepromokav\u00fdm zip\u016fm v\u00e1s nep\u0159ekvap\u00ed ani de\u0161tiv\u00e9 po\u010das\u00ed.<\/p>\n<p>Objem: 0,5 l<br \/>\nHmotnost: 113 g<br \/>\nRozm\u011bry: 21,5 x 8,5 x 8 cm<\/p>\n","protected":false},"excerpt":{"rendered":"<p>Podsedlov\u00e1 bra\u0161na je ide\u00e1ln\u00edm pomocn\u00edkem, do kter\u00e9ho m\u016f\u017eete b\u011bhem cesty uschovat z\u00e1mek Pealock. Nav\u00edc v n\u00ed zbude m\u00edsto i pro dal\u0161\u00ed vybaven\u00ed. Vnit\u0159n\u00ed s\u00ed\u0165ov\u00e1 kapsi\u010dka je vhodn\u00e1 na odlo\u017een\u00ed hotovosti nebo drobn\u00fdch p\u0159edm\u011bt\u016f.<br \/>\nUchycen\u00ed pod sedlem je zabezpe\u010deno t\u0159emi p\u00e1skami na such\u00fd zip.<br \/>\nReflexn\u00ed prvky na boc\u00edch zvy\u0161uj\u00ed viditelnost za sn\u00ed\u017een\u00fdch sv\u011bteln\u00fdch podm\u00ednek. Bra\u0161ni\u010dka je vyroben\u00e1 z odoln\u00e9ho materi\u00e1lu, kter\u00fd zajist\u00ed dlouhou \u017eivotnost. D\u00edky speci\u00e1ln\u00ed povrchov\u00e9 \u00faprav\u011b a nepromokav\u00fdm zip\u016fm v\u00e1s nep\u0159ekvap\u00ed ani de\u0161tiv\u00e9 po\u010das\u00ed.<\/p>\n<p>Objem: 0,5 l<br \/>\nHmotnost: 113 g<br \/>\nRozm\u011bry: 21,5 x 8,5 x 8 cm<\/p>\n","protected":false},"featured_media":1365,"template":"","meta":{"_acf_changed":false},"product_brand":[],"product_cat":[119,45],"product_tag":[],"class_list":{"0":"post-1395","1":"product","2":"type-product","3":"status-publish","4":"has-post-thumbnail","6":"product_cat-b2b","7":"product_cat-prislusenstvi","9":"first","10":"instock","11":"taxable","12":"shipping-taxable","13":"purchasable","14":"product-type-simple"},"acf":[],"_links":{"self":[{"href":"https:\/\/pealock.com\/cs\/wp-json\/wp\/v2\/product\/1395","targetHints":{"allow":["GET"]}}],"collection":[{"href":"https:\/\/pealock.com\/cs\/wp-json\/wp\/v2\/product"}],"about":[{"href":"https:\/\/pealock.com\/cs\/wp-json\/wp\/v2\/types\/product"}],"version-history":[{"count":2,"href":"https:\/\/pealock.com\/cs\/wp-json\/wp\/v2\/product\/1395\/revisions"}],"predecessor-version":[{"id":1988,"href":"https:\/\/pealock.com\/cs\/wp-json\/wp\/v2\/product\/1395\/revisions\/1988"}],"wp:featuredmedia":[{"embeddable":true,"href":"https:\/\/pealock.com\/cs\/wp-json\/wp\/v2\/media\/1365"}],"wp:attachment":[{"href":"https:\/\/pealock.com\/cs\/wp-json\/wp\/v2\/media?parent=1395"}],"wp:term":[{"taxonomy":"product_brand","embeddable":true,"href":"https:\/\/pealock.com\/cs\/wp-json\/wp\/v2\/product_brand?post=1395"},{"taxonomy":"product_cat","embeddable":true,"href":"https:\/\/pealock.com\/cs\/wp-json\/wp\/v2\/product_cat?post=1395"},{"taxonomy":"product_tag","embeddable":true,"href":"https:\/\/pealock.com\/cs\/wp-json\/wp\/v2\/product_tag?post=1395"}],"curies":[{"name":"wp","href":"https:\/\/api.w.org\/{rel}","templated":true}]}}