{"id":1354,"date":"2024-02-24T20:56:57","date_gmt":"2024-02-24T19:56:57","guid":{"rendered":"https:\/\/pealock.com\/product\/usb-c-reducer\/"},"modified":"2025-12-25T16:28:34","modified_gmt":"2025-12-25T15:28:34","slug":"usb-c-redukce","status":"publish","type":"product","link":"https:\/\/pealock.com\/cs\/produkt\/usb-c-redukce\/","title":{"rendered":"USB-C redukce"},"content":{"rendered":"<p>M\u00e1te notebook, \u010di s\u00ed\u0165ov\u00fd adapt\u00e9r s USB-C vstupem? Tohle je p\u0159esn\u011b pro V\u00e1s.<\/p>\n","protected":false},"excerpt":{"rendered":"<p>M\u00e1te notebook, \u010di s\u00ed\u0165ov\u00fd adapt\u00e9r s USB-C vstupem? Tohle je p\u0159esn\u011b pro V\u00e1s.<\/p>\n","protected":false},"featured_media":1349,"template":"","meta":{"_acf_changed":false},"product_brand":[],"product_cat":[119,45],"product_tag":[],"class_list":{"0":"post-1354","1":"product","2":"type-product","3":"status-publish","4":"has-post-thumbnail","6":"product_cat-b2b","7":"product_cat-prislusenstvi","9":"first","10":"instock","11":"taxable","12":"shipping-taxable","13":"purchasable","14":"product-type-simple"},"acf":[],"_links":{"self":[{"href":"https:\/\/pealock.com\/cs\/wp-json\/wp\/v2\/product\/1354","targetHints":{"allow":["GET"]}}],"collection":[{"href":"https:\/\/pealock.com\/cs\/wp-json\/wp\/v2\/product"}],"about":[{"href":"https:\/\/pealock.com\/cs\/wp-json\/wp\/v2\/types\/product"}],"version-history":[{"count":2,"href":"https:\/\/pealock.com\/cs\/wp-json\/wp\/v2\/product\/1354\/revisions"}],"predecessor-version":[{"id":1967,"href":"https:\/\/pealock.com\/cs\/wp-json\/wp\/v2\/product\/1354\/revisions\/1967"}],"wp:featuredmedia":[{"embeddable":true,"href":"https:\/\/pealock.com\/cs\/wp-json\/wp\/v2\/media\/1349"}],"wp:attachment":[{"href":"https:\/\/pealock.com\/cs\/wp-json\/wp\/v2\/media?parent=1354"}],"wp:term":[{"taxonomy":"product_brand","embeddable":true,"href":"https:\/\/pealock.com\/cs\/wp-json\/wp\/v2\/product_brand?post=1354"},{"taxonomy":"product_cat","embeddable":true,"href":"https:\/\/pealock.com\/cs\/wp-json\/wp\/v2\/product_cat?post=1354"},{"taxonomy":"product_tag","embeddable":true,"href":"https:\/\/pealock.com\/cs\/wp-json\/wp\/v2\/product_tag?post=1354"}],"curies":[{"name":"wp","href":"https:\/\/api.w.org\/{rel}","templated":true}]}}