{"id":1337,"date":"2024-02-24T20:36:44","date_gmt":"2024-02-24T19:36:44","guid":{"rendered":"https:\/\/pealock.com\/product\/nfc-wristband\/"},"modified":"2026-03-10T12:02:55","modified_gmt":"2026-03-10T11:02:55","slug":"nfc-naramek","status":"publish","type":"product","link":"https:\/\/pealock.com\/cs\/produkt\/nfc-naramek\/","title":{"rendered":"NFC n\u00e1ramek"},"content":{"rendered":"<p>Preferujete m\u00edsto NFC karty sp\u00ed\u0161e lehk\u00fd, natahovac\u00ed n\u00e1ramek? K Pealocku m\u016f\u017eete p\u0159idat a\u017e 5 NFC kl\u00ed\u010denek\/karet\/n\u00e1ramk\u016f.<\/p>\n<p>Pouze \u010dern\u00e1 barva s logem Pealock.<\/p>\n","protected":false},"excerpt":{"rendered":"<p>Preferujete m\u00edsto NFC karty sp\u00ed\u0161e lehk\u00fd, natahovac\u00ed n\u00e1ramek? K Pealocku m\u016f\u017eete p\u0159idat a\u017e 5 NFC kl\u00ed\u010denek\/karet\/n\u00e1ramk\u016f.<\/p>\n<p>Pouze \u010dern\u00e1 barva s logem Pealock.<\/p>\n","protected":false},"featured_media":1332,"template":"","meta":{"_acf_changed":false},"product_brand":[],"product_cat":[119,45],"product_tag":[],"class_list":{"0":"post-1337","1":"product","2":"type-product","3":"status-publish","4":"has-post-thumbnail","6":"product_cat-b2b","7":"product_cat-prislusenstvi","9":"first","10":"instock","11":"taxable","12":"shipping-taxable","13":"purchasable","14":"product-type-simple"},"acf":[],"_links":{"self":[{"href":"https:\/\/pealock.com\/cs\/wp-json\/wp\/v2\/product\/1337","targetHints":{"allow":["GET"]}}],"collection":[{"href":"https:\/\/pealock.com\/cs\/wp-json\/wp\/v2\/product"}],"about":[{"href":"https:\/\/pealock.com\/cs\/wp-json\/wp\/v2\/types\/product"}],"version-history":[{"count":2,"href":"https:\/\/pealock.com\/cs\/wp-json\/wp\/v2\/product\/1337\/revisions"}],"predecessor-version":[{"id":1977,"href":"https:\/\/pealock.com\/cs\/wp-json\/wp\/v2\/product\/1337\/revisions\/1977"}],"wp:featuredmedia":[{"embeddable":true,"href":"https:\/\/pealock.com\/cs\/wp-json\/wp\/v2\/media\/1332"}],"wp:attachment":[{"href":"https:\/\/pealock.com\/cs\/wp-json\/wp\/v2\/media?parent=1337"}],"wp:term":[{"taxonomy":"product_brand","embeddable":true,"href":"https:\/\/pealock.com\/cs\/wp-json\/wp\/v2\/product_brand?post=1337"},{"taxonomy":"product_cat","embeddable":true,"href":"https:\/\/pealock.com\/cs\/wp-json\/wp\/v2\/product_cat?post=1337"},{"taxonomy":"product_tag","embeddable":true,"href":"https:\/\/pealock.com\/cs\/wp-json\/wp\/v2\/product_tag?post=1337"}],"curies":[{"name":"wp","href":"https:\/\/api.w.org\/{rel}","templated":true}]}}