{"id":1320,"date":"2024-02-19T21:33:06","date_gmt":"2024-02-19T20:33:06","guid":{"rendered":"https:\/\/pealock.com\/?post_type=product&#038;p=1320"},"modified":"2026-04-04T21:12:52","modified_gmt":"2026-04-04T19:12:52","slug":"nfc-klicenka","status":"publish","type":"product","link":"https:\/\/pealock.com\/cs\/produkt\/nfc-klicenka\/","title":{"rendered":"NFC kl\u00ed\u010denka"},"content":{"rendered":"<p>Preferujete m\u00edsto NFC karty sp\u00ed\u0161e kl\u00ed\u010denku? K Pealocku m\u016f\u017eete p\u0159idat a\u017e 5 NFC kl\u00ed\u010denek\/karet.<\/p>\n<p>Pouze \u010dern\u00e1 barva s logem Pealock.<\/p>\n","protected":false},"excerpt":{"rendered":"<p>Preferujete m\u00edsto NFC karty sp\u00ed\u0161e kl\u00ed\u010denku? K Pealocku m\u016f\u017eete p\u0159idat a\u017e 5 NFC kl\u00ed\u010denek\/karet.<\/p>\n<p>Pouze \u010dern\u00e1 barva s logem Pealock.<\/p>\n","protected":false},"featured_media":1303,"template":"","meta":{"_acf_changed":false},"product_brand":[],"product_cat":[119,45],"product_tag":[],"class_list":{"0":"post-1320","1":"product","2":"type-product","3":"status-publish","4":"has-post-thumbnail","6":"product_cat-b2b","7":"product_cat-prislusenstvi","9":"first","10":"instock","11":"taxable","12":"shipping-taxable","13":"purchasable","14":"product-type-simple"},"acf":[],"_links":{"self":[{"href":"https:\/\/pealock.com\/cs\/wp-json\/wp\/v2\/product\/1320","targetHints":{"allow":["GET"]}}],"collection":[{"href":"https:\/\/pealock.com\/cs\/wp-json\/wp\/v2\/product"}],"about":[{"href":"https:\/\/pealock.com\/cs\/wp-json\/wp\/v2\/types\/product"}],"version-history":[{"count":2,"href":"https:\/\/pealock.com\/cs\/wp-json\/wp\/v2\/product\/1320\/revisions"}],"predecessor-version":[{"id":1972,"href":"https:\/\/pealock.com\/cs\/wp-json\/wp\/v2\/product\/1320\/revisions\/1972"}],"wp:featuredmedia":[{"embeddable":true,"href":"https:\/\/pealock.com\/cs\/wp-json\/wp\/v2\/media\/1303"}],"wp:attachment":[{"href":"https:\/\/pealock.com\/cs\/wp-json\/wp\/v2\/media?parent=1320"}],"wp:term":[{"taxonomy":"product_brand","embeddable":true,"href":"https:\/\/pealock.com\/cs\/wp-json\/wp\/v2\/product_brand?post=1320"},{"taxonomy":"product_cat","embeddable":true,"href":"https:\/\/pealock.com\/cs\/wp-json\/wp\/v2\/product_cat?post=1320"},{"taxonomy":"product_tag","embeddable":true,"href":"https:\/\/pealock.com\/cs\/wp-json\/wp\/v2\/product_tag?post=1320"}],"curies":[{"name":"wp","href":"https:\/\/api.w.org\/{rel}","templated":true}]}}