{"id":77563,"date":"2023-11-28T15:13:54","date_gmt":"2023-11-28T14:13:54","guid":{"rendered":"https:\/\/pealock.com\/terms-and-conditions\/"},"modified":"2024-03-27T10:25:04","modified_gmt":"2024-03-27T09:25:04","slug":"vseobecne-obchodni-podminky","status":"publish","type":"page","link":"https:\/\/pealock.com\/cs\/vseobecne-obchodni-podminky\/","title":{"rendered":"V\u0161eobecn\u00e9 obchodn\u00ed podm\u00ednky"},"content":{"rendered":"","protected":false},"excerpt":{"rendered":"","protected":false},"author":2,"featured_media":0,"parent":0,"menu_order":0,"comment_status":"closed","ping_status":"closed","template":"","meta":{"_acf_changed":false,"footnotes":""},"class_list":["post-77563","page","type-page","status-publish","hentry"],"acf":[],"_links":{"self":[{"href":"https:\/\/pealock.com\/cs\/wp-json\/wp\/v2\/pages\/77563","targetHints":{"allow":["GET"]}}],"collection":[{"href":"https:\/\/pealock.com\/cs\/wp-json\/wp\/v2\/pages"}],"about":[{"href":"https:\/\/pealock.com\/cs\/wp-json\/wp\/v2\/types\/page"}],"author":[{"embeddable":true,"href":"https:\/\/pealock.com\/cs\/wp-json\/wp\/v2\/users\/2"}],"replies":[{"embeddable":true,"href":"https:\/\/pealock.com\/cs\/wp-json\/wp\/v2\/comments?post=77563"}],"version-history":[{"count":2,"href":"https:\/\/pealock.com\/cs\/wp-json\/wp\/v2\/pages\/77563\/revisions"}],"predecessor-version":[{"id":77576,"href":"https:\/\/pealock.com\/cs\/wp-json\/wp\/v2\/pages\/77563\/revisions\/77576"}],"wp:attachment":[{"href":"https:\/\/pealock.com\/cs\/wp-json\/wp\/v2\/media?parent=77563"}],"curies":[{"name":"wp","href":"https:\/\/api.w.org\/{rel}","templated":true}]}}