{"id":610,"date":"2023-11-14T10:28:41","date_gmt":"2023-11-14T09:28:41","guid":{"rendered":"http:\/\/pealock-bricks.local\/cart\/"},"modified":"2024-03-26T16:49:40","modified_gmt":"2024-03-26T15:49:40","slug":"nakupni-kosik","status":"publish","type":"page","link":"https:\/\/pealock.com\/cs\/nakupni-kosik\/","title":{"rendered":"Ko\u0161\u00edk"},"content":{"rendered":"<div class=\"woocommerce\"><div class=\"woocommerce-notices-wrapper\"><\/div><div class=\"wc-empty-cart-message\">\n\t<div class=\"cart-empty woocommerce-info\" role=\"status\">\n\t\tV\u00e1\u0161 ko\u0161\u00edk je pr\u00e1zdn\u00fd.\t<\/div>\n<\/div>\t\t<p class=\"return-to-shop\">\n\t\t\t<a class=\"button wc-backward\" href=\"https:\/\/pealock.com\/cs\/obchod\/\">\n\t\t\t\tZp\u011bt do obchodu\t\t\t<\/a>\n\t\t<\/p>\n\t\t<\/div>\n","protected":false},"excerpt":{"rendered":"","protected":false},"author":1,"featured_media":0,"parent":0,"menu_order":0,"comment_status":"closed","ping_status":"closed","template":"","meta":{"_acf_changed":false,"footnotes":""},"class_list":["post-610","page","type-page","status-publish","hentry"],"acf":[],"_links":{"self":[{"href":"https:\/\/pealock.com\/cs\/wp-json\/wp\/v2\/pages\/610","targetHints":{"allow":["GET"]}}],"collection":[{"href":"https:\/\/pealock.com\/cs\/wp-json\/wp\/v2\/pages"}],"about":[{"href":"https:\/\/pealock.com\/cs\/wp-json\/wp\/v2\/types\/page"}],"author":[{"embeddable":true,"href":"https:\/\/pealock.com\/cs\/wp-json\/wp\/v2\/users\/1"}],"replies":[{"embeddable":true,"href":"https:\/\/pealock.com\/cs\/wp-json\/wp\/v2\/comments?post=610"}],"version-history":[{"count":1,"href":"https:\/\/pealock.com\/cs\/wp-json\/wp\/v2\/pages\/610\/revisions"}],"predecessor-version":[{"id":77437,"href":"https:\/\/pealock.com\/cs\/wp-json\/wp\/v2\/pages\/610\/revisions\/77437"}],"wp:attachment":[{"href":"https:\/\/pealock.com\/cs\/wp-json\/wp\/v2\/media?parent=610"}],"curies":[{"name":"wp","href":"https:\/\/api.w.org\/{rel}","templated":true}]}}