{"id":3424,"date":"2023-11-27T18:19:30","date_gmt":"2023-11-27T17:19:30","guid":{"rendered":"https:\/\/pealock.com\/return-and-exchange-of-goods\/"},"modified":"2026-02-24T15:31:27","modified_gmt":"2026-02-24T14:31:27","slug":"vraceni-a-vymena-zbozi","status":"publish","type":"page","link":"https:\/\/pealock.com\/cs\/vraceni-a-vymena-zbozi\/","title":{"rendered":"Vr\u00e1cen\u00ed a v\u00fdm\u011bna zbo\u017e\u00ed"},"content":{"rendered":"","protected":false},"excerpt":{"rendered":"","protected":false},"author":2,"featured_media":0,"parent":0,"menu_order":0,"comment_status":"closed","ping_status":"closed","template":"","meta":{"_acf_changed":false,"footnotes":""},"class_list":["post-3424","page","type-page","status-publish","hentry"],"acf":[],"_links":{"self":[{"href":"https:\/\/pealock.com\/cs\/wp-json\/wp\/v2\/pages\/3424","targetHints":{"allow":["GET"]}}],"collection":[{"href":"https:\/\/pealock.com\/cs\/wp-json\/wp\/v2\/pages"}],"about":[{"href":"https:\/\/pealock.com\/cs\/wp-json\/wp\/v2\/types\/page"}],"author":[{"embeddable":true,"href":"https:\/\/pealock.com\/cs\/wp-json\/wp\/v2\/users\/2"}],"replies":[{"embeddable":true,"href":"https:\/\/pealock.com\/cs\/wp-json\/wp\/v2\/comments?post=3424"}],"version-history":[{"count":9,"href":"https:\/\/pealock.com\/cs\/wp-json\/wp\/v2\/pages\/3424\/revisions"}],"predecessor-version":[{"id":82817,"href":"https:\/\/pealock.com\/cs\/wp-json\/wp\/v2\/pages\/3424\/revisions\/82817"}],"wp:attachment":[{"href":"https:\/\/pealock.com\/cs\/wp-json\/wp\/v2\/media?parent=3424"}],"curies":[{"name":"wp","href":"https:\/\/api.w.org\/{rel}","templated":true}]}}